{"id":5079,"date":"2025-04-23T18:24:09","date_gmt":"2025-04-23T18:24:09","guid":{"rendered":"https:\/\/casadolivreiro.pt\/?post_type=product&#038;p=5079"},"modified":"2025-04-23T18:24:09","modified_gmt":"2025-04-23T18:24:09","slug":"a-tatuagem-misteriosa-ellery-parker","status":"publish","type":"product","link":"https:\/\/casadolivreiro.pt\/index.php\/product\/a-tatuagem-misteriosa-ellery-parker\/","title":{"rendered":"A TATUAGEM MISTERIOSA \u2013 Ellery Parker"},"content":{"rendered":"<p>A TATUAGEM MISTERIOSA \u2013 Ellery Parker<\/p>\n<p>Ano de edi\u00e7\u00e3o: 1990<\/p>\n<p>Editor:\u00a0 Circulo de Leitores<\/p>\n<p>Idioma: Portugu\u00eas<\/p>\n<p>Dimens\u00f5es: 11.9 x 1.3 x 17.8<\/p>\n<p>Encaderna\u00e7\u00e3o: capa dura<\/p>\n<p>P\u00e1ginas: 189<\/p>\n","protected":false},"excerpt":{"rendered":"<p>A TATUAGEM MISTERIOSA \u2013 Ellery Parker Ano de edi\u00e7\u00e3o: 1990 Editor:\u00a0 Circulo de Leitores Idioma: Portugu\u00eas Dimens\u00f5es: 11.9 x 1.3 x 17.8 Encaderna\u00e7\u00e3o: capa dura P\u00e1ginas: 189<\/p>\n","protected":false},"featured_media":5080,"comment_status":"open","ping_status":"closed","template":"","meta":{"om_disable_all_campaigns":false,"_monsterinsights_skip_tracking":false,"_monsterinsights_sitenote_active":false,"_monsterinsights_sitenote_note":"","_monsterinsights_sitenote_category":0,"_uf_show_specific_survey":0,"_uf_disable_surveys":false},"product_cat":[34],"product_tag":[],"aioseo_notices":[],"jetpack_sharing_enabled":true,"_links":{"self":[{"href":"https:\/\/casadolivreiro.pt\/index.php\/wp-json\/wp\/v2\/product\/5079"}],"collection":[{"href":"https:\/\/casadolivreiro.pt\/index.php\/wp-json\/wp\/v2\/product"}],"about":[{"href":"https:\/\/casadolivreiro.pt\/index.php\/wp-json\/wp\/v2\/types\/product"}],"replies":[{"embeddable":true,"href":"https:\/\/casadolivreiro.pt\/index.php\/wp-json\/wp\/v2\/comments?post=5079"}],"wp:featuredmedia":[{"embeddable":true,"href":"https:\/\/casadolivreiro.pt\/index.php\/wp-json\/wp\/v2\/media\/5080"}],"wp:attachment":[{"href":"https:\/\/casadolivreiro.pt\/index.php\/wp-json\/wp\/v2\/media?parent=5079"}],"wp:term":[{"taxonomy":"product_cat","embeddable":true,"href":"https:\/\/casadolivreiro.pt\/index.php\/wp-json\/wp\/v2\/product_cat?post=5079"},{"taxonomy":"product_tag","embeddable":true,"href":"https:\/\/casadolivreiro.pt\/index.php\/wp-json\/wp\/v2\/product_tag?post=5079"}],"curies":[{"name":"wp","href":"https:\/\/api.w.org\/{rel}","templated":true}]}}