{"id":5073,"date":"2025-04-23T18:03:12","date_gmt":"2025-04-23T18:03:12","guid":{"rendered":"https:\/\/casadolivreiro.pt\/?post_type=product&#038;p=5073"},"modified":"2025-04-23T18:03:13","modified_gmt":"2025-04-23T18:03:13","slug":"diario-de-sofia-c-a-luisa-ducla-soares","status":"publish","type":"product","link":"https:\/\/casadolivreiro.pt\/index.php\/product\/diario-de-sofia-c-a-luisa-ducla-soares\/","title":{"rendered":"DI\u00c1RIO DE  SOFIA &#038; C.\u00aa \u2013 Lu\u00edsa Ducla Soares"},"content":{"rendered":"<p>DI\u00c1RIO DE\u00a0 SOFIA &amp; C.\u00aa \u2013 Lu\u00edsa Ducla Soares<\/p>\n<p>Ano de edi\u00e7\u00e3o: 1993<\/p>\n<p>Editor:\u00a0 Civiliza\u00e7\u00e3o Editora<\/p>\n<p>Idioma: Portugu\u00eas<\/p>\n<p>Dimens\u00f5es: 14 x 0.7 x 21<\/p>\n<p>Encaderna\u00e7\u00e3o: capa mole<\/p>\n<p>P\u00e1ginas: 111<\/p>\n","protected":false},"excerpt":{"rendered":"<p>DI\u00c1RIO DE\u00a0 SOFIA &amp; C.\u00aa \u2013 Lu\u00edsa Ducla Soares Ano de edi\u00e7\u00e3o: 1993 Editor:\u00a0 Civiliza\u00e7\u00e3o Editora Idioma: Portugu\u00eas Dimens\u00f5es: 14 x 0.7 x 21 Encaderna\u00e7\u00e3o: capa mole P\u00e1ginas: 111<\/p>\n","protected":false},"featured_media":5074,"comment_status":"open","ping_status":"closed","template":"","meta":{"om_disable_all_campaigns":false,"_monsterinsights_skip_tracking":false,"_monsterinsights_sitenote_active":false,"_monsterinsights_sitenote_note":"","_monsterinsights_sitenote_category":0,"_uf_show_specific_survey":0,"_uf_disable_surveys":false},"product_cat":[34],"product_tag":[],"aioseo_notices":[],"jetpack_sharing_enabled":true,"_links":{"self":[{"href":"https:\/\/casadolivreiro.pt\/index.php\/wp-json\/wp\/v2\/product\/5073"}],"collection":[{"href":"https:\/\/casadolivreiro.pt\/index.php\/wp-json\/wp\/v2\/product"}],"about":[{"href":"https:\/\/casadolivreiro.pt\/index.php\/wp-json\/wp\/v2\/types\/product"}],"replies":[{"embeddable":true,"href":"https:\/\/casadolivreiro.pt\/index.php\/wp-json\/wp\/v2\/comments?post=5073"}],"wp:featuredmedia":[{"embeddable":true,"href":"https:\/\/casadolivreiro.pt\/index.php\/wp-json\/wp\/v2\/media\/5074"}],"wp:attachment":[{"href":"https:\/\/casadolivreiro.pt\/index.php\/wp-json\/wp\/v2\/media?parent=5073"}],"wp:term":[{"taxonomy":"product_cat","embeddable":true,"href":"https:\/\/casadolivreiro.pt\/index.php\/wp-json\/wp\/v2\/product_cat?post=5073"},{"taxonomy":"product_tag","embeddable":true,"href":"https:\/\/casadolivreiro.pt\/index.php\/wp-json\/wp\/v2\/product_tag?post=5073"}],"curies":[{"name":"wp","href":"https:\/\/api.w.org\/{rel}","templated":true}]}}