{"id":5061,"date":"2025-04-23T17:17:27","date_gmt":"2025-04-23T17:17:27","guid":{"rendered":"https:\/\/casadolivreiro.pt\/?post_type=product&#038;p=5061"},"modified":"2025-04-23T17:17:28","modified_gmt":"2025-04-23T17:17:28","slug":"as-feras-futebol-clube-markus-o-imbativel-joachim-masannek","status":"publish","type":"product","link":"https:\/\/casadolivreiro.pt\/index.php\/product\/as-feras-futebol-clube-markus-o-imbativel-joachim-masannek\/","title":{"rendered":"AS FERAS FUTEBOL CLUBE: MARKUS O IMBAT\u00cdVEL \u2013 Joachim Masannek"},"content":{"rendered":"<p>AS FERAS FUTEBOL CLUBE: MARKUS O IMBAT\u00cdVEL \u2013 Joachim Masannek<\/p>\n<p>Tradu\u00e7\u00e3o de Rita Veiga<\/p>\n<p>Ano de edi\u00e7\u00e3o: 2008<\/p>\n<p>Editor:\u00a0 Dom Quixote<\/p>\n<p>Idioma: Portugu\u00eas<\/p>\n<p>Dimens\u00f5es: 14.7 x 1.6 x 21.5<\/p>\n<p>Encaderna\u00e7\u00e3o: capa mole<\/p>\n<p>P\u00e1ginas: 291<\/p>\n","protected":false},"excerpt":{"rendered":"<p>AS FERAS FUTEBOL CLUBE: MARKUS O IMBAT\u00cdVEL \u2013 Joachim Masannek Tradu\u00e7\u00e3o de Rita Veiga Ano de edi\u00e7\u00e3o: 2008 Editor:\u00a0 Dom Quixote Idioma: Portugu\u00eas Dimens\u00f5es: 14.7 x 1.6 x 21.5 Encaderna\u00e7\u00e3o: capa mole P\u00e1ginas: 291<\/p>\n","protected":false},"featured_media":5062,"comment_status":"open","ping_status":"closed","template":"","meta":{"om_disable_all_campaigns":false,"_monsterinsights_skip_tracking":false,"_monsterinsights_sitenote_active":false,"_monsterinsights_sitenote_note":"","_monsterinsights_sitenote_category":0,"_uf_show_specific_survey":0,"_uf_disable_surveys":false},"product_cat":[34,39],"product_tag":[],"aioseo_notices":[],"jetpack_sharing_enabled":true,"_links":{"self":[{"href":"https:\/\/casadolivreiro.pt\/index.php\/wp-json\/wp\/v2\/product\/5061"}],"collection":[{"href":"https:\/\/casadolivreiro.pt\/index.php\/wp-json\/wp\/v2\/product"}],"about":[{"href":"https:\/\/casadolivreiro.pt\/index.php\/wp-json\/wp\/v2\/types\/product"}],"replies":[{"embeddable":true,"href":"https:\/\/casadolivreiro.pt\/index.php\/wp-json\/wp\/v2\/comments?post=5061"}],"wp:featuredmedia":[{"embeddable":true,"href":"https:\/\/casadolivreiro.pt\/index.php\/wp-json\/wp\/v2\/media\/5062"}],"wp:attachment":[{"href":"https:\/\/casadolivreiro.pt\/index.php\/wp-json\/wp\/v2\/media?parent=5061"}],"wp:term":[{"taxonomy":"product_cat","embeddable":true,"href":"https:\/\/casadolivreiro.pt\/index.php\/wp-json\/wp\/v2\/product_cat?post=5061"},{"taxonomy":"product_tag","embeddable":true,"href":"https:\/\/casadolivreiro.pt\/index.php\/wp-json\/wp\/v2\/product_tag?post=5061"}],"curies":[{"name":"wp","href":"https:\/\/api.w.org\/{rel}","templated":true}]}}