{"id":506,"date":"2024-03-14T12:53:01","date_gmt":"2024-03-14T12:53:01","guid":{"rendered":"https:\/\/casadolivreiro.pt\/?post_type=product&#038;p=506"},"modified":"2024-03-14T12:53:02","modified_gmt":"2024-03-14T12:53:02","slug":"vallejo-y-yo-juan-antonio-vallejo-nagera","status":"publish","type":"product","link":"https:\/\/casadolivreiro.pt\/index.php\/product\/vallejo-y-yo-juan-antonio-vallejo-nagera\/","title":{"rendered":"VALLEJO Y YO &#8211; Juan Antonio Vallejo-N\u00e1gera"},"content":{"rendered":"<p>VALLEJO Y YO<br \/>\nJuan Antonio Vallejo-N\u00e1gera<br \/>\nISBN: 84-320-4440-7<br \/>\nEditor: Planeta, Barcelona<br \/>\nData de Lan\u00e7amento: 1991<br \/>\nIdioma:\u00a0 Espanhol<br \/>\nDimens\u00f5es: 13 x 1.4 x 21 cm<br \/>\nEncaderna\u00e7\u00e3o: Capa mole<br \/>\nP\u00e1ginas: 203<\/p>\n","protected":false},"excerpt":{"rendered":"<p>VALLEJO Y YO Juan Antonio Vallejo-N\u00e1gera ISBN: 84-320-4440-7 Editor: Planeta, Barcelona Data de Lan\u00e7amento: 1991 Idioma:\u00a0 Espanhol Dimens\u00f5es: 13 x 1.4 x 21 cm Encaderna\u00e7\u00e3o: Capa mole P\u00e1ginas: 203<\/p>\n","protected":false},"featured_media":507,"comment_status":"open","ping_status":"closed","template":"","meta":{"om_disable_all_campaigns":false,"_monsterinsights_skip_tracking":false,"_monsterinsights_sitenote_active":false,"_monsterinsights_sitenote_note":"","_monsterinsights_sitenote_category":0,"_uf_show_specific_survey":0,"_uf_disable_surveys":false},"product_cat":[28,57,36],"product_tag":[],"aioseo_notices":[],"jetpack_sharing_enabled":true,"_links":{"self":[{"href":"https:\/\/casadolivreiro.pt\/index.php\/wp-json\/wp\/v2\/product\/506"}],"collection":[{"href":"https:\/\/casadolivreiro.pt\/index.php\/wp-json\/wp\/v2\/product"}],"about":[{"href":"https:\/\/casadolivreiro.pt\/index.php\/wp-json\/wp\/v2\/types\/product"}],"replies":[{"embeddable":true,"href":"https:\/\/casadolivreiro.pt\/index.php\/wp-json\/wp\/v2\/comments?post=506"}],"wp:featuredmedia":[{"embeddable":true,"href":"https:\/\/casadolivreiro.pt\/index.php\/wp-json\/wp\/v2\/media\/507"}],"wp:attachment":[{"href":"https:\/\/casadolivreiro.pt\/index.php\/wp-json\/wp\/v2\/media?parent=506"}],"wp:term":[{"taxonomy":"product_cat","embeddable":true,"href":"https:\/\/casadolivreiro.pt\/index.php\/wp-json\/wp\/v2\/product_cat?post=506"},{"taxonomy":"product_tag","embeddable":true,"href":"https:\/\/casadolivreiro.pt\/index.php\/wp-json\/wp\/v2\/product_tag?post=506"}],"curies":[{"name":"wp","href":"https:\/\/api.w.org\/{rel}","templated":true}]}}