{"id":5054,"date":"2025-04-23T15:55:34","date_gmt":"2025-04-23T15:55:34","guid":{"rendered":"https:\/\/casadolivreiro.pt\/?post_type=product&#038;p=5054"},"modified":"2025-04-23T15:55:34","modified_gmt":"2025-04-23T15:55:34","slug":"o-cavaleiro-da-dinamarca-sophia-de-mello-breyner-andresen","status":"publish","type":"product","link":"https:\/\/casadolivreiro.pt\/index.php\/product\/o-cavaleiro-da-dinamarca-sophia-de-mello-breyner-andresen\/","title":{"rendered":"O CAVALEIRO DA DINAMARCA \u2013 Sophia de Mello Breyner Andresen"},"content":{"rendered":"<p>O CAVALEIRO DA DINAMARCA \u2013 Sophia de Mello Breyner Andresen<\/p>\n<p>Ano de edi\u00e7\u00e3o: 2014<\/p>\n<p>Editor:\u00a0 Porto Editora<\/p>\n<p>Idioma: Portugu\u00eas<\/p>\n<p>Dimens\u00f5es: 18.8 x 0.6 x 22.2<\/p>\n<p>Encaderna\u00e7\u00e3o: capa mole<\/p>\n<p>P\u00e1ginas: 54<\/p>\n","protected":false},"excerpt":{"rendered":"<p>O CAVALEIRO DA DINAMARCA \u2013 Sophia de Mello Breyner Andresen Ano de edi\u00e7\u00e3o: 2014 Editor:\u00a0 Porto Editora Idioma: Portugu\u00eas Dimens\u00f5es: 18.8 x 0.6 x 22.2 Encaderna\u00e7\u00e3o: capa mole P\u00e1ginas: 54<\/p>\n","protected":false},"featured_media":5055,"comment_status":"open","ping_status":"closed","template":"","meta":{"om_disable_all_campaigns":false,"_monsterinsights_skip_tracking":false,"_monsterinsights_sitenote_active":false,"_monsterinsights_sitenote_note":"","_monsterinsights_sitenote_category":0,"_uf_show_specific_survey":0,"_uf_disable_surveys":false},"product_cat":[34],"product_tag":[],"aioseo_notices":[],"jetpack_sharing_enabled":true,"_links":{"self":[{"href":"https:\/\/casadolivreiro.pt\/index.php\/wp-json\/wp\/v2\/product\/5054"}],"collection":[{"href":"https:\/\/casadolivreiro.pt\/index.php\/wp-json\/wp\/v2\/product"}],"about":[{"href":"https:\/\/casadolivreiro.pt\/index.php\/wp-json\/wp\/v2\/types\/product"}],"replies":[{"embeddable":true,"href":"https:\/\/casadolivreiro.pt\/index.php\/wp-json\/wp\/v2\/comments?post=5054"}],"wp:featuredmedia":[{"embeddable":true,"href":"https:\/\/casadolivreiro.pt\/index.php\/wp-json\/wp\/v2\/media\/5055"}],"wp:attachment":[{"href":"https:\/\/casadolivreiro.pt\/index.php\/wp-json\/wp\/v2\/media?parent=5054"}],"wp:term":[{"taxonomy":"product_cat","embeddable":true,"href":"https:\/\/casadolivreiro.pt\/index.php\/wp-json\/wp\/v2\/product_cat?post=5054"},{"taxonomy":"product_tag","embeddable":true,"href":"https:\/\/casadolivreiro.pt\/index.php\/wp-json\/wp\/v2\/product_tag?post=5054"}],"curies":[{"name":"wp","href":"https:\/\/api.w.org\/{rel}","templated":true}]}}