{"id":5048,"date":"2025-04-23T15:28:44","date_gmt":"2025-04-23T15:28:44","guid":{"rendered":"https:\/\/casadolivreiro.pt\/?post_type=product&#038;p=5048"},"modified":"2025-04-23T15:28:44","modified_gmt":"2025-04-23T15:28:44","slug":"illusya-o-reino-encantado-bruno-matos","status":"publish","type":"product","link":"https:\/\/casadolivreiro.pt\/index.php\/product\/illusya-o-reino-encantado-bruno-matos\/","title":{"rendered":"ILLUSYA: O Reino Encantado \u2013 Bruno Matos"},"content":{"rendered":"<p>ILLUSYA: O Reino Encantado \u2013 Bruno Matos<\/p>\n<p>Colec\u00e7\u00e3o: Teen \u2013 uma aventura por m\u00eas<\/p>\n<p>Ano de edi\u00e7\u00e3o:\u00a0 2009<\/p>\n<p>Editor:\u00a0 Saida de Emerg\u00eancia<\/p>\n<p>Idioma: Portugu\u00eas<\/p>\n<p>Dimens\u00f5es: 15 x 2.2 x 21.5<\/p>\n<p>Encaderna\u00e7\u00e3o: capa dura<\/p>\n<p>P\u00e1ginas: 351<\/p>\n","protected":false},"excerpt":{"rendered":"<p>ILLUSYA: O Reino Encantado \u2013 Bruno Matos Colec\u00e7\u00e3o: Teen \u2013 uma aventura por m\u00eas Ano de edi\u00e7\u00e3o:\u00a0 2009 Editor:\u00a0 Saida de Emerg\u00eancia Idioma: Portugu\u00eas Dimens\u00f5es: 15 x 2.2 x 21.5 Encaderna\u00e7\u00e3o: capa dura P\u00e1ginas: 351<\/p>\n","protected":false},"featured_media":5049,"comment_status":"open","ping_status":"closed","template":"","meta":{"om_disable_all_campaigns":false,"_monsterinsights_skip_tracking":false,"_monsterinsights_sitenote_active":false,"_monsterinsights_sitenote_note":"","_monsterinsights_sitenote_category":0,"_uf_show_specific_survey":0,"_uf_disable_surveys":false},"product_cat":[34],"product_tag":[],"aioseo_notices":[],"jetpack_sharing_enabled":true,"_links":{"self":[{"href":"https:\/\/casadolivreiro.pt\/index.php\/wp-json\/wp\/v2\/product\/5048"}],"collection":[{"href":"https:\/\/casadolivreiro.pt\/index.php\/wp-json\/wp\/v2\/product"}],"about":[{"href":"https:\/\/casadolivreiro.pt\/index.php\/wp-json\/wp\/v2\/types\/product"}],"replies":[{"embeddable":true,"href":"https:\/\/casadolivreiro.pt\/index.php\/wp-json\/wp\/v2\/comments?post=5048"}],"wp:featuredmedia":[{"embeddable":true,"href":"https:\/\/casadolivreiro.pt\/index.php\/wp-json\/wp\/v2\/media\/5049"}],"wp:attachment":[{"href":"https:\/\/casadolivreiro.pt\/index.php\/wp-json\/wp\/v2\/media?parent=5048"}],"wp:term":[{"taxonomy":"product_cat","embeddable":true,"href":"https:\/\/casadolivreiro.pt\/index.php\/wp-json\/wp\/v2\/product_cat?post=5048"},{"taxonomy":"product_tag","embeddable":true,"href":"https:\/\/casadolivreiro.pt\/index.php\/wp-json\/wp\/v2\/product_tag?post=5048"}],"curies":[{"name":"wp","href":"https:\/\/api.w.org\/{rel}","templated":true}]}}