{"id":5044,"date":"2025-04-23T15:15:55","date_gmt":"2025-04-23T15:15:55","guid":{"rendered":"https:\/\/casadolivreiro.pt\/?post_type=product&#038;p=5044"},"modified":"2025-04-23T15:15:55","modified_gmt":"2025-04-23T15:15:55","slug":"101-back-to-school-jokes-lisa-eisenberg-and-katy-hall","status":"publish","type":"product","link":"https:\/\/casadolivreiro.pt\/index.php\/product\/101-back-to-school-jokes-lisa-eisenberg-and-katy-hall\/","title":{"rendered":"101 BACK-TO-SCHOOL JOKES \u2013 Lisa Eisenberg and Katy Hall"},"content":{"rendered":"<p>101 BACK-TO-SCHOOL JOKES \u2013 Lisa Eisenberg and Katy Hall<\/p>\n<p>Ano de edi\u00e7\u00e3o:\u00a0 1994<\/p>\n<p>Editor:\u00a0 Scholastic Inc.<\/p>\n<p>Idioma: Ingl\u00eas<\/p>\n<p>Dimens\u00f5es: 10.5 x 0.7 x 17<\/p>\n<p>Encaderna\u00e7\u00e3o: capa mole<\/p>\n<p>P\u00e1ginas: 90<\/p>\n","protected":false},"excerpt":{"rendered":"<p>101 BACK-TO-SCHOOL JOKES \u2013 Lisa Eisenberg and Katy Hall Ano de edi\u00e7\u00e3o:\u00a0 1994 Editor:\u00a0 Scholastic Inc. Idioma: Ingl\u00eas Dimens\u00f5es: 10.5 x 0.7 x 17 Encaderna\u00e7\u00e3o: capa mole P\u00e1ginas: 90<\/p>\n","protected":false},"featured_media":5045,"comment_status":"open","ping_status":"closed","template":"","meta":{"om_disable_all_campaigns":false,"_monsterinsights_skip_tracking":false,"_monsterinsights_sitenote_active":false,"_monsterinsights_sitenote_note":"","_monsterinsights_sitenote_category":0,"_uf_show_specific_survey":0,"_uf_disable_surveys":false},"product_cat":[47,34,55],"product_tag":[],"aioseo_notices":[],"jetpack_sharing_enabled":true,"_links":{"self":[{"href":"https:\/\/casadolivreiro.pt\/index.php\/wp-json\/wp\/v2\/product\/5044"}],"collection":[{"href":"https:\/\/casadolivreiro.pt\/index.php\/wp-json\/wp\/v2\/product"}],"about":[{"href":"https:\/\/casadolivreiro.pt\/index.php\/wp-json\/wp\/v2\/types\/product"}],"replies":[{"embeddable":true,"href":"https:\/\/casadolivreiro.pt\/index.php\/wp-json\/wp\/v2\/comments?post=5044"}],"wp:featuredmedia":[{"embeddable":true,"href":"https:\/\/casadolivreiro.pt\/index.php\/wp-json\/wp\/v2\/media\/5045"}],"wp:attachment":[{"href":"https:\/\/casadolivreiro.pt\/index.php\/wp-json\/wp\/v2\/media?parent=5044"}],"wp:term":[{"taxonomy":"product_cat","embeddable":true,"href":"https:\/\/casadolivreiro.pt\/index.php\/wp-json\/wp\/v2\/product_cat?post=5044"},{"taxonomy":"product_tag","embeddable":true,"href":"https:\/\/casadolivreiro.pt\/index.php\/wp-json\/wp\/v2\/product_tag?post=5044"}],"curies":[{"name":"wp","href":"https:\/\/api.w.org\/{rel}","templated":true}]}}