{"id":5038,"date":"2025-04-23T14:24:25","date_gmt":"2025-04-23T14:24:25","guid":{"rendered":"https:\/\/casadolivreiro.pt\/?post_type=product&#038;p=5038"},"modified":"2025-04-23T14:24:25","modified_gmt":"2025-04-23T14:24:25","slug":"tudo-o-que-uma-rapariga-deve-saber-david-bull","status":"publish","type":"product","link":"https:\/\/casadolivreiro.pt\/index.php\/product\/tudo-o-que-uma-rapariga-deve-saber-david-bull\/","title":{"rendered":"TUDO O QUE UMA RAPARIGA DEVE SABER \u2013 David Bull"},"content":{"rendered":"<p>TUDO O QUE UMA RAPARIGA DEVE SABER \u2013 David Bull<\/p>\n<p>Tradu\u00e7\u00e3o de\u00a0 Concei\u00e7\u00e3o Pacheco<\/p>\n<p>Ano de edi\u00e7\u00e3o:\u00a0 2001<\/p>\n<p>Editor:\u00a0 Circulo de Leitores<\/p>\n<p>Idioma: Portugu\u00eas<\/p>\n<p>Dimens\u00f5es: 14 x 1.5 x 19<\/p>\n<p>Encaderna\u00e7\u00e3o: capa dura<\/p>\n<p>P\u00e1ginas: 212<\/p>\n","protected":false},"excerpt":{"rendered":"<p>TUDO O QUE UMA RAPARIGA DEVE SABER \u2013 David Bull Tradu\u00e7\u00e3o de\u00a0 Concei\u00e7\u00e3o Pacheco Ano de edi\u00e7\u00e3o:\u00a0 2001 Editor:\u00a0 Circulo de Leitores Idioma: Portugu\u00eas Dimens\u00f5es: 14 x 1.5 x 19 Encaderna\u00e7\u00e3o: capa dura P\u00e1ginas: 212<\/p>\n","protected":false},"featured_media":5039,"comment_status":"open","ping_status":"closed","template":"","meta":{"om_disable_all_campaigns":false,"_monsterinsights_skip_tracking":false,"_monsterinsights_sitenote_active":false,"_monsterinsights_sitenote_note":"","_monsterinsights_sitenote_category":0,"_uf_show_specific_survey":0,"_uf_disable_surveys":false},"product_cat":[34],"product_tag":[],"aioseo_notices":[],"jetpack_sharing_enabled":true,"_links":{"self":[{"href":"https:\/\/casadolivreiro.pt\/index.php\/wp-json\/wp\/v2\/product\/5038"}],"collection":[{"href":"https:\/\/casadolivreiro.pt\/index.php\/wp-json\/wp\/v2\/product"}],"about":[{"href":"https:\/\/casadolivreiro.pt\/index.php\/wp-json\/wp\/v2\/types\/product"}],"replies":[{"embeddable":true,"href":"https:\/\/casadolivreiro.pt\/index.php\/wp-json\/wp\/v2\/comments?post=5038"}],"wp:featuredmedia":[{"embeddable":true,"href":"https:\/\/casadolivreiro.pt\/index.php\/wp-json\/wp\/v2\/media\/5039"}],"wp:attachment":[{"href":"https:\/\/casadolivreiro.pt\/index.php\/wp-json\/wp\/v2\/media?parent=5038"}],"wp:term":[{"taxonomy":"product_cat","embeddable":true,"href":"https:\/\/casadolivreiro.pt\/index.php\/wp-json\/wp\/v2\/product_cat?post=5038"},{"taxonomy":"product_tag","embeddable":true,"href":"https:\/\/casadolivreiro.pt\/index.php\/wp-json\/wp\/v2\/product_tag?post=5038"}],"curies":[{"name":"wp","href":"https:\/\/api.w.org\/{rel}","templated":true}]}}