{"id":5036,"date":"2025-04-23T14:18:44","date_gmt":"2025-04-23T14:18:44","guid":{"rendered":"https:\/\/casadolivreiro.pt\/?post_type=product&#038;p=5036"},"modified":"2025-04-23T14:18:44","modified_gmt":"2025-04-23T14:18:44","slug":"as-minas-de-salomao-rider-haggard","status":"publish","type":"product","link":"https:\/\/casadolivreiro.pt\/index.php\/product\/as-minas-de-salomao-rider-haggard\/","title":{"rendered":"AS MINAS DE SALOM\u00c3O \u2013 Rider Haggard"},"content":{"rendered":"<p>AS MINAS DE SALOM\u00c3O \u2013 Rider Haggard<\/p>\n<p>Tradu\u00e7\u00e3o de\u00a0 E\u00e7a de Queiroz<\/p>\n<p>Ano de edi\u00e7\u00e3o:\u00a0 1986<\/p>\n<p>Editor:\u00a0 Circulo de Leitores<\/p>\n<p>Idioma: Portugu\u00eas<\/p>\n<p>Dimens\u00f5es: 12.5 x 1.5 x 20.2<\/p>\n<p>Encaderna\u00e7\u00e3o: capa dura<\/p>\n<p>P\u00e1ginas: 227<\/p>\n","protected":false},"excerpt":{"rendered":"<p>AS MINAS DE SALOM\u00c3O \u2013 Rider Haggard Tradu\u00e7\u00e3o de\u00a0 E\u00e7a de Queiroz Ano de edi\u00e7\u00e3o:\u00a0 1986 Editor:\u00a0 Circulo de Leitores Idioma: Portugu\u00eas Dimens\u00f5es: 12.5 x 1.5 x 20.2 Encaderna\u00e7\u00e3o: capa dura P\u00e1ginas: 227<\/p>\n","protected":false},"featured_media":5037,"comment_status":"open","ping_status":"closed","template":"","meta":{"om_disable_all_campaigns":false,"_monsterinsights_skip_tracking":false,"_monsterinsights_sitenote_active":false,"_monsterinsights_sitenote_note":"","_monsterinsights_sitenote_category":0,"_uf_show_specific_survey":0,"_uf_disable_surveys":false},"product_cat":[34,26],"product_tag":[],"aioseo_notices":[],"jetpack_sharing_enabled":true,"_links":{"self":[{"href":"https:\/\/casadolivreiro.pt\/index.php\/wp-json\/wp\/v2\/product\/5036"}],"collection":[{"href":"https:\/\/casadolivreiro.pt\/index.php\/wp-json\/wp\/v2\/product"}],"about":[{"href":"https:\/\/casadolivreiro.pt\/index.php\/wp-json\/wp\/v2\/types\/product"}],"replies":[{"embeddable":true,"href":"https:\/\/casadolivreiro.pt\/index.php\/wp-json\/wp\/v2\/comments?post=5036"}],"wp:featuredmedia":[{"embeddable":true,"href":"https:\/\/casadolivreiro.pt\/index.php\/wp-json\/wp\/v2\/media\/5037"}],"wp:attachment":[{"href":"https:\/\/casadolivreiro.pt\/index.php\/wp-json\/wp\/v2\/media?parent=5036"}],"wp:term":[{"taxonomy":"product_cat","embeddable":true,"href":"https:\/\/casadolivreiro.pt\/index.php\/wp-json\/wp\/v2\/product_cat?post=5036"},{"taxonomy":"product_tag","embeddable":true,"href":"https:\/\/casadolivreiro.pt\/index.php\/wp-json\/wp\/v2\/product_tag?post=5036"}],"curies":[{"name":"wp","href":"https:\/\/api.w.org\/{rel}","templated":true}]}}