{"id":5034,"date":"2025-04-23T14:12:00","date_gmt":"2025-04-23T14:12:00","guid":{"rendered":"https:\/\/casadolivreiro.pt\/?post_type=product&#038;p=5034"},"modified":"2025-04-23T14:12:00","modified_gmt":"2025-04-23T14:12:00","slug":"lizzie-perde-a-cabeca-lizzie-mcguire","status":"publish","type":"product","link":"https:\/\/casadolivreiro.pt\/index.php\/product\/lizzie-perde-a-cabeca-lizzie-mcguire\/","title":{"rendered":"LIZZIE PERDE A CABE\u00c7A \u2013 Lizzie McGuire"},"content":{"rendered":"<p>LIZZIE PERDE A CABE\u00c7A \u2013 Lizzie McGuire<\/p>\n<p>Tradu\u00e7\u00e3o de Fernanda Campos<\/p>\n<p>Ano de edi\u00e7\u00e3o:\u00a0 2004<\/p>\n<p>Editor:\u00a0 Dom Quixote<\/p>\n<p>Idioma: Portugu\u00eas<\/p>\n<p>Dimens\u00f5es: 13 x 0.9 x 19.4<\/p>\n<p>Encaderna\u00e7\u00e3o: capa mole<\/p>\n<p>P\u00e1ginas: 123<\/p>\n","protected":false},"excerpt":{"rendered":"<p>LIZZIE PERDE A CABE\u00c7A \u2013 Lizzie McGuire Tradu\u00e7\u00e3o de Fernanda Campos Ano de edi\u00e7\u00e3o:\u00a0 2004 Editor:\u00a0 Dom Quixote Idioma: Portugu\u00eas Dimens\u00f5es: 13 x 0.9 x 19.4 Encaderna\u00e7\u00e3o: capa mole P\u00e1ginas: 123<\/p>\n","protected":false},"featured_media":5035,"comment_status":"open","ping_status":"closed","template":"","meta":{"om_disable_all_campaigns":false,"_monsterinsights_skip_tracking":false,"_monsterinsights_sitenote_active":false,"_monsterinsights_sitenote_note":"","_monsterinsights_sitenote_category":0,"_uf_show_specific_survey":0,"_uf_disable_surveys":false},"product_cat":[34],"product_tag":[],"aioseo_notices":[],"jetpack_sharing_enabled":true,"_links":{"self":[{"href":"https:\/\/casadolivreiro.pt\/index.php\/wp-json\/wp\/v2\/product\/5034"}],"collection":[{"href":"https:\/\/casadolivreiro.pt\/index.php\/wp-json\/wp\/v2\/product"}],"about":[{"href":"https:\/\/casadolivreiro.pt\/index.php\/wp-json\/wp\/v2\/types\/product"}],"replies":[{"embeddable":true,"href":"https:\/\/casadolivreiro.pt\/index.php\/wp-json\/wp\/v2\/comments?post=5034"}],"wp:featuredmedia":[{"embeddable":true,"href":"https:\/\/casadolivreiro.pt\/index.php\/wp-json\/wp\/v2\/media\/5035"}],"wp:attachment":[{"href":"https:\/\/casadolivreiro.pt\/index.php\/wp-json\/wp\/v2\/media?parent=5034"}],"wp:term":[{"taxonomy":"product_cat","embeddable":true,"href":"https:\/\/casadolivreiro.pt\/index.php\/wp-json\/wp\/v2\/product_cat?post=5034"},{"taxonomy":"product_tag","embeddable":true,"href":"https:\/\/casadolivreiro.pt\/index.php\/wp-json\/wp\/v2\/product_tag?post=5034"}],"curies":[{"name":"wp","href":"https:\/\/api.w.org\/{rel}","templated":true}]}}