{"id":5032,"date":"2025-04-23T14:07:08","date_gmt":"2025-04-23T14:07:08","guid":{"rendered":"https:\/\/casadolivreiro.pt\/?post_type=product&#038;p=5032"},"modified":"2025-04-23T14:07:09","modified_gmt":"2025-04-23T14:07:09","slug":"a-agenda-de-carol-ines-stanisiere","status":"publish","type":"product","link":"https:\/\/casadolivreiro.pt\/index.php\/product\/a-agenda-de-carol-ines-stanisiere\/","title":{"rendered":"A AGENDA DE CAROL \u2013 In\u00eas Stanisiere"},"content":{"rendered":"<p>A AGENDA DE CAROL \u2013 In\u00eas Stanisiere<\/p>\n<p>Ano de edi\u00e7\u00e3o:\u00a0 2004<\/p>\n<p>Editor:\u00a0 Editora Leitura<\/p>\n<p>Idioma: Portugu\u00eas<\/p>\n<p>Dimens\u00f5es: 14 x 0.8 x 21<\/p>\n<p>Encaderna\u00e7\u00e3o: capa mole<\/p>\n<p>P\u00e1ginas: 72<\/p>\n","protected":false},"excerpt":{"rendered":"<p>A AGENDA DE CAROL \u2013 In\u00eas Stanisiere Ano de edi\u00e7\u00e3o:\u00a0 2004 Editor:\u00a0 Editora Leitura Idioma: Portugu\u00eas Dimens\u00f5es: 14 x 0.8 x 21 Encaderna\u00e7\u00e3o: capa mole P\u00e1ginas: 72<\/p>\n","protected":false},"featured_media":5033,"comment_status":"open","ping_status":"closed","template":"","meta":{"om_disable_all_campaigns":false,"_monsterinsights_skip_tracking":false,"_monsterinsights_sitenote_active":false,"_monsterinsights_sitenote_note":"","_monsterinsights_sitenote_category":0,"_uf_show_specific_survey":0,"_uf_disable_surveys":false},"product_cat":[34],"product_tag":[],"aioseo_notices":[],"jetpack_sharing_enabled":true,"_links":{"self":[{"href":"https:\/\/casadolivreiro.pt\/index.php\/wp-json\/wp\/v2\/product\/5032"}],"collection":[{"href":"https:\/\/casadolivreiro.pt\/index.php\/wp-json\/wp\/v2\/product"}],"about":[{"href":"https:\/\/casadolivreiro.pt\/index.php\/wp-json\/wp\/v2\/types\/product"}],"replies":[{"embeddable":true,"href":"https:\/\/casadolivreiro.pt\/index.php\/wp-json\/wp\/v2\/comments?post=5032"}],"wp:featuredmedia":[{"embeddable":true,"href":"https:\/\/casadolivreiro.pt\/index.php\/wp-json\/wp\/v2\/media\/5033"}],"wp:attachment":[{"href":"https:\/\/casadolivreiro.pt\/index.php\/wp-json\/wp\/v2\/media?parent=5032"}],"wp:term":[{"taxonomy":"product_cat","embeddable":true,"href":"https:\/\/casadolivreiro.pt\/index.php\/wp-json\/wp\/v2\/product_cat?post=5032"},{"taxonomy":"product_tag","embeddable":true,"href":"https:\/\/casadolivreiro.pt\/index.php\/wp-json\/wp\/v2\/product_tag?post=5032"}],"curies":[{"name":"wp","href":"https:\/\/api.w.org\/{rel}","templated":true}]}}