{"id":5028,"date":"2025-04-23T13:53:47","date_gmt":"2025-04-23T13:53:47","guid":{"rendered":"https:\/\/casadolivreiro.pt\/?post_type=product&#038;p=5028"},"modified":"2025-04-23T13:53:54","modified_gmt":"2025-04-23T13:53:54","slug":"o-caso-do-expresso-voador-franklin-w-dixon","status":"publish","type":"product","link":"https:\/\/casadolivreiro.pt\/index.php\/product\/o-caso-do-expresso-voador-franklin-w-dixon\/","title":{"rendered":"O CASO DO EXPRESSO VOADOR \u2013 Franklin W. Dixon"},"content":{"rendered":"<p>O CASO DO EXPRESSO VOADOR \u2013 Franklin W. Dixon<\/p>\n<p>Tradu\u00e7\u00e3o de\u00a0 Lu\u00edsa Maria Rijo de Almeida<\/p>\n<p>Ano de edi\u00e7\u00e3o:\u00a0 1972<\/p>\n<p>Editor:\u00a0 Editora Meridiano, Lisboa<\/p>\n<p>Idioma: Portugu\u00eas<\/p>\n<p>Dimens\u00f5es: 12.5 x 1.3 x 19<\/p>\n<p>Encaderna\u00e7\u00e3o: capa dura<\/p>\n<p>P\u00e1ginas: 200<\/p>\n","protected":false},"excerpt":{"rendered":"<p>O CASO DO EXPRESSO VOADOR \u2013 Franklin W. Dixon Tradu\u00e7\u00e3o de\u00a0 Lu\u00edsa Maria Rijo de Almeida Ano de edi\u00e7\u00e3o:\u00a0 1972 Editor:\u00a0 Editora Meridiano, Lisboa Idioma: Portugu\u00eas Dimens\u00f5es: 12.5 x 1.3 x 19 Encaderna\u00e7\u00e3o: capa dura P\u00e1ginas: 200<\/p>\n","protected":false},"featured_media":5030,"comment_status":"open","ping_status":"closed","template":"","meta":{"om_disable_all_campaigns":false,"_monsterinsights_skip_tracking":false,"_monsterinsights_sitenote_active":false,"_monsterinsights_sitenote_note":"","_monsterinsights_sitenote_category":0,"_uf_show_specific_survey":0,"_uf_disable_surveys":false},"product_cat":[34],"product_tag":[],"aioseo_notices":[],"jetpack_sharing_enabled":true,"_links":{"self":[{"href":"https:\/\/casadolivreiro.pt\/index.php\/wp-json\/wp\/v2\/product\/5028"}],"collection":[{"href":"https:\/\/casadolivreiro.pt\/index.php\/wp-json\/wp\/v2\/product"}],"about":[{"href":"https:\/\/casadolivreiro.pt\/index.php\/wp-json\/wp\/v2\/types\/product"}],"replies":[{"embeddable":true,"href":"https:\/\/casadolivreiro.pt\/index.php\/wp-json\/wp\/v2\/comments?post=5028"}],"wp:featuredmedia":[{"embeddable":true,"href":"https:\/\/casadolivreiro.pt\/index.php\/wp-json\/wp\/v2\/media\/5030"}],"wp:attachment":[{"href":"https:\/\/casadolivreiro.pt\/index.php\/wp-json\/wp\/v2\/media?parent=5028"}],"wp:term":[{"taxonomy":"product_cat","embeddable":true,"href":"https:\/\/casadolivreiro.pt\/index.php\/wp-json\/wp\/v2\/product_cat?post=5028"},{"taxonomy":"product_tag","embeddable":true,"href":"https:\/\/casadolivreiro.pt\/index.php\/wp-json\/wp\/v2\/product_tag?post=5028"}],"curies":[{"name":"wp","href":"https:\/\/api.w.org\/{rel}","templated":true}]}}