{"id":5026,"date":"2025-04-23T13:01:58","date_gmt":"2025-04-23T13:01:58","guid":{"rendered":"https:\/\/casadolivreiro.pt\/?post_type=product&#038;p=5026"},"modified":"2025-04-23T13:01:58","modified_gmt":"2025-04-23T13:01:58","slug":"magazine-do-fantastico-e-ficcao-cientifica-numero-1-os-inimigos-do-sistema-bryan-w-aldis-frank-sisk-andrew-weiner-lee-killough-richard-olin","status":"publish","type":"product","link":"https:\/\/casadolivreiro.pt\/index.php\/product\/magazine-do-fantastico-e-ficcao-cientifica-numero-1-os-inimigos-do-sistema-bryan-w-aldis-frank-sisk-andrew-weiner-lee-killough-richard-olin\/","title":{"rendered":"MAGAZINE DO FANT\u00c1STICO E FIC\u00c7\u00c3O CIENTIFICA, Numero 1, OS INIMIGOS DO SISTEMA \u2013 Bryan W. Aldis, Frank Sisk, Andrew Weiner, Lee Killough, Richard Olin"},"content":{"rendered":"<p>MAGAZINE DO FANT\u00c1STICO E FIC\u00c7\u00c3O CIENTIFICA, Numero 1, OS INIMIGOS DO SISTEMA \u2013 Bryan W. Aldis, Frank Sisk, Andrew Weiner, Lee Killough, Richard Olin<\/p>\n<p>Tradu\u00e7\u00e3o de\u00a0 J.A. Patricio\u00a0 Alvares<\/p>\n<p>Ano de edi\u00e7\u00e3o:<\/p>\n<p>Editor: \u00a0Matriz, Lisboa<\/p>\n<p>Idioma: Portugu\u00eas<\/p>\n<p>Dimens\u00f5es: 13.2 x 1.3 x 19<\/p>\n<p>Encaderna\u00e7\u00e3o: capa mole<\/p>\n<p>P\u00e1ginas: 184<\/p>\n","protected":false},"excerpt":{"rendered":"<p>MAGAZINE DO FANT\u00c1STICO E FIC\u00c7\u00c3O CIENTIFICA, Numero 1, OS INIMIGOS DO SISTEMA \u2013 Bryan W. Aldis, Frank Sisk, Andrew Weiner, Lee Killough, Richard Olin Tradu\u00e7\u00e3o de\u00a0 J.A. Patricio\u00a0 Alvares Ano de edi\u00e7\u00e3o: Editor: \u00a0Matriz, Lisboa Idioma: Portugu\u00eas Dimens\u00f5es: 13.2 x 1.3 x 19 Encaderna\u00e7\u00e3o: capa mole P\u00e1ginas: 184<\/p>\n","protected":false},"featured_media":5027,"comment_status":"open","ping_status":"closed","template":"","meta":{"om_disable_all_campaigns":false,"_monsterinsights_skip_tracking":false,"_monsterinsights_sitenote_active":false,"_monsterinsights_sitenote_note":"","_monsterinsights_sitenote_category":0,"_uf_show_specific_survey":0,"_uf_disable_surveys":false},"product_cat":[34,26,59,65],"product_tag":[],"aioseo_notices":[],"jetpack_sharing_enabled":true,"_links":{"self":[{"href":"https:\/\/casadolivreiro.pt\/index.php\/wp-json\/wp\/v2\/product\/5026"}],"collection":[{"href":"https:\/\/casadolivreiro.pt\/index.php\/wp-json\/wp\/v2\/product"}],"about":[{"href":"https:\/\/casadolivreiro.pt\/index.php\/wp-json\/wp\/v2\/types\/product"}],"replies":[{"embeddable":true,"href":"https:\/\/casadolivreiro.pt\/index.php\/wp-json\/wp\/v2\/comments?post=5026"}],"wp:featuredmedia":[{"embeddable":true,"href":"https:\/\/casadolivreiro.pt\/index.php\/wp-json\/wp\/v2\/media\/5027"}],"wp:attachment":[{"href":"https:\/\/casadolivreiro.pt\/index.php\/wp-json\/wp\/v2\/media?parent=5026"}],"wp:term":[{"taxonomy":"product_cat","embeddable":true,"href":"https:\/\/casadolivreiro.pt\/index.php\/wp-json\/wp\/v2\/product_cat?post=5026"},{"taxonomy":"product_tag","embeddable":true,"href":"https:\/\/casadolivreiro.pt\/index.php\/wp-json\/wp\/v2\/product_tag?post=5026"}],"curies":[{"name":"wp","href":"https:\/\/api.w.org\/{rel}","templated":true}]}}