{"id":5024,"date":"2025-04-23T12:53:05","date_gmt":"2025-04-23T12:53:05","guid":{"rendered":"https:\/\/casadolivreiro.pt\/?post_type=product&#038;p=5024"},"modified":"2025-04-23T12:53:05","modified_gmt":"2025-04-23T12:53:05","slug":"jogue-connosco-animacao-de-convivos-pedrosa-ferreira","status":"publish","type":"product","link":"https:\/\/casadolivreiro.pt\/index.php\/product\/jogue-connosco-animacao-de-convivos-pedrosa-ferreira\/","title":{"rendered":"JOGUE CONNOSCO: Anima\u00e7\u00e3o de conv\u00edvos \u2013 Pedrosa Ferreira"},"content":{"rendered":"<p>JOGUE CONNOSCO: Anima\u00e7\u00e3o de conv\u00edvos \u2013 Pedrosa Ferreira<\/p>\n<p>Ano de edi\u00e7\u00e3o:\u00a0 1986<\/p>\n<p>Editor: Edi\u00e7\u00f5es Salesianas, Porto<\/p>\n<p>Idioma: Portugu\u00eas<\/p>\n<p>Dimens\u00f5es: 12 x 0.7 x 17<\/p>\n<p>Encaderna\u00e7\u00e3o: capa mole<\/p>\n<p>P\u00e1ginas: 117<\/p>\n","protected":false},"excerpt":{"rendered":"<p>JOGUE CONNOSCO: Anima\u00e7\u00e3o de conv\u00edvos \u2013 Pedrosa Ferreira Ano de edi\u00e7\u00e3o:\u00a0 1986 Editor: Edi\u00e7\u00f5es Salesianas, Porto Idioma: Portugu\u00eas Dimens\u00f5es: 12 x 0.7 x 17 Encaderna\u00e7\u00e3o: capa mole P\u00e1ginas: 117<\/p>\n","protected":false},"featured_media":5025,"comment_status":"open","ping_status":"closed","template":"","meta":{"om_disable_all_campaigns":false,"_monsterinsights_skip_tracking":false,"_monsterinsights_sitenote_active":false,"_monsterinsights_sitenote_note":"","_monsterinsights_sitenote_category":0,"_uf_show_specific_survey":0,"_uf_disable_surveys":false},"product_cat":[33,34],"product_tag":[],"aioseo_notices":[],"jetpack_sharing_enabled":true,"_links":{"self":[{"href":"https:\/\/casadolivreiro.pt\/index.php\/wp-json\/wp\/v2\/product\/5024"}],"collection":[{"href":"https:\/\/casadolivreiro.pt\/index.php\/wp-json\/wp\/v2\/product"}],"about":[{"href":"https:\/\/casadolivreiro.pt\/index.php\/wp-json\/wp\/v2\/types\/product"}],"replies":[{"embeddable":true,"href":"https:\/\/casadolivreiro.pt\/index.php\/wp-json\/wp\/v2\/comments?post=5024"}],"wp:featuredmedia":[{"embeddable":true,"href":"https:\/\/casadolivreiro.pt\/index.php\/wp-json\/wp\/v2\/media\/5025"}],"wp:attachment":[{"href":"https:\/\/casadolivreiro.pt\/index.php\/wp-json\/wp\/v2\/media?parent=5024"}],"wp:term":[{"taxonomy":"product_cat","embeddable":true,"href":"https:\/\/casadolivreiro.pt\/index.php\/wp-json\/wp\/v2\/product_cat?post=5024"},{"taxonomy":"product_tag","embeddable":true,"href":"https:\/\/casadolivreiro.pt\/index.php\/wp-json\/wp\/v2\/product_tag?post=5024"}],"curies":[{"name":"wp","href":"https:\/\/api.w.org\/{rel}","templated":true}]}}