{"id":5022,"date":"2025-04-23T12:00:24","date_gmt":"2025-04-23T12:00:24","guid":{"rendered":"https:\/\/casadolivreiro.pt\/?post_type=product&#038;p=5022"},"modified":"2025-04-23T12:00:24","modified_gmt":"2025-04-23T12:00:24","slug":"o-primo-do-brasil-lucie-rauzier-fontayne","status":"publish","type":"product","link":"https:\/\/casadolivreiro.pt\/index.php\/product\/o-primo-do-brasil-lucie-rauzier-fontayne\/","title":{"rendered":"O PRIMO DO BRASIL \u2013 Lucie Rauzier-Fontayne"},"content":{"rendered":"<p>O PRIMO DO BRASIL \u2013 Lucie Rauzier-Fontayne<\/p>\n<p>Tradu\u00e7\u00e3o de\u00a0 Joaquim Rodrigues Pereira<\/p>\n<p>Ano de edi\u00e7\u00e3o:\u00a0 1967<\/p>\n<p>Editor: In\u00edcio, Lisboa<\/p>\n<p>Idioma: Portugu\u00eas<\/p>\n<p>Dimens\u00f5es: 12 x 1.6 x 17<\/p>\n<p>Encaderna\u00e7\u00e3o: capa dura<\/p>\n<p>P\u00e1ginas: 209<\/p>\n","protected":false},"excerpt":{"rendered":"<p>O PRIMO DO BRASIL \u2013 Lucie Rauzier-Fontayne Tradu\u00e7\u00e3o de\u00a0 Joaquim Rodrigues Pereira Ano de edi\u00e7\u00e3o:\u00a0 1967 Editor: In\u00edcio, Lisboa Idioma: Portugu\u00eas Dimens\u00f5es: 12 x 1.6 x 17 Encaderna\u00e7\u00e3o: capa dura P\u00e1ginas: 209<\/p>\n","protected":false},"featured_media":5023,"comment_status":"open","ping_status":"closed","template":"","meta":{"om_disable_all_campaigns":false,"_monsterinsights_skip_tracking":false,"_monsterinsights_sitenote_active":false,"_monsterinsights_sitenote_note":"","_monsterinsights_sitenote_category":0,"_uf_show_specific_survey":0,"_uf_disable_surveys":false},"product_cat":[34],"product_tag":[],"aioseo_notices":[],"jetpack_sharing_enabled":true,"_links":{"self":[{"href":"https:\/\/casadolivreiro.pt\/index.php\/wp-json\/wp\/v2\/product\/5022"}],"collection":[{"href":"https:\/\/casadolivreiro.pt\/index.php\/wp-json\/wp\/v2\/product"}],"about":[{"href":"https:\/\/casadolivreiro.pt\/index.php\/wp-json\/wp\/v2\/types\/product"}],"replies":[{"embeddable":true,"href":"https:\/\/casadolivreiro.pt\/index.php\/wp-json\/wp\/v2\/comments?post=5022"}],"wp:featuredmedia":[{"embeddable":true,"href":"https:\/\/casadolivreiro.pt\/index.php\/wp-json\/wp\/v2\/media\/5023"}],"wp:attachment":[{"href":"https:\/\/casadolivreiro.pt\/index.php\/wp-json\/wp\/v2\/media?parent=5022"}],"wp:term":[{"taxonomy":"product_cat","embeddable":true,"href":"https:\/\/casadolivreiro.pt\/index.php\/wp-json\/wp\/v2\/product_cat?post=5022"},{"taxonomy":"product_tag","embeddable":true,"href":"https:\/\/casadolivreiro.pt\/index.php\/wp-json\/wp\/v2\/product_tag?post=5022"}],"curies":[{"name":"wp","href":"https:\/\/api.w.org\/{rel}","templated":true}]}}