{"id":5020,"date":"2025-04-23T11:51:57","date_gmt":"2025-04-23T11:51:57","guid":{"rendered":"https:\/\/casadolivreiro.pt\/?post_type=product&#038;p=5020"},"modified":"2025-04-23T11:51:57","modified_gmt":"2025-04-23T11:51:57","slug":"rumble-fish-juventude-inquieta-s-e-hinton","status":"publish","type":"product","link":"https:\/\/casadolivreiro.pt\/index.php\/product\/rumble-fish-juventude-inquieta-s-e-hinton\/","title":{"rendered":"RUMBLE FISH: JUVENTUDE INQUIETA \u2013 S.E. Hinton"},"content":{"rendered":"<p>RUMBLE FISH: JUVENTUDE INQUIETA \u2013 S.E. Hinton<\/p>\n<p>Tradu\u00e7\u00e3o de\u00a0 Magda Viana<\/p>\n<p>Ano de edi\u00e7\u00e3o:\u00a0 1989<\/p>\n<p>Editor: Circulo de Leitores<\/p>\n<p>Idioma: Portugu\u00eas<\/p>\n<p>Dimens\u00f5es: 11.5 x 1.2 x 18.4<\/p>\n<p>Encaderna\u00e7\u00e3o: capa dura<\/p>\n<p>P\u00e1ginas: 142<\/p>\n","protected":false},"excerpt":{"rendered":"<p>RUMBLE FISH: JUVENTUDE INQUIETA \u2013 S.E. Hinton Tradu\u00e7\u00e3o de\u00a0 Magda Viana Ano de edi\u00e7\u00e3o:\u00a0 1989 Editor: Circulo de Leitores Idioma: Portugu\u00eas Dimens\u00f5es: 11.5 x 1.2 x 18.4 Encaderna\u00e7\u00e3o: capa dura P\u00e1ginas: 142<\/p>\n","protected":false},"featured_media":5021,"comment_status":"open","ping_status":"closed","template":"","meta":{"om_disable_all_campaigns":false,"_monsterinsights_skip_tracking":false,"_monsterinsights_sitenote_active":false,"_monsterinsights_sitenote_note":"","_monsterinsights_sitenote_category":0,"_uf_show_specific_survey":0,"_uf_disable_surveys":false},"product_cat":[34,26],"product_tag":[],"aioseo_notices":[],"jetpack_sharing_enabled":true,"_links":{"self":[{"href":"https:\/\/casadolivreiro.pt\/index.php\/wp-json\/wp\/v2\/product\/5020"}],"collection":[{"href":"https:\/\/casadolivreiro.pt\/index.php\/wp-json\/wp\/v2\/product"}],"about":[{"href":"https:\/\/casadolivreiro.pt\/index.php\/wp-json\/wp\/v2\/types\/product"}],"replies":[{"embeddable":true,"href":"https:\/\/casadolivreiro.pt\/index.php\/wp-json\/wp\/v2\/comments?post=5020"}],"wp:featuredmedia":[{"embeddable":true,"href":"https:\/\/casadolivreiro.pt\/index.php\/wp-json\/wp\/v2\/media\/5021"}],"wp:attachment":[{"href":"https:\/\/casadolivreiro.pt\/index.php\/wp-json\/wp\/v2\/media?parent=5020"}],"wp:term":[{"taxonomy":"product_cat","embeddable":true,"href":"https:\/\/casadolivreiro.pt\/index.php\/wp-json\/wp\/v2\/product_cat?post=5020"},{"taxonomy":"product_tag","embeddable":true,"href":"https:\/\/casadolivreiro.pt\/index.php\/wp-json\/wp\/v2\/product_tag?post=5020"}],"curies":[{"name":"wp","href":"https:\/\/api.w.org\/{rel}","templated":true}]}}