{"id":502,"date":"2024-03-14T12:38:09","date_gmt":"2024-03-14T12:38:09","guid":{"rendered":"https:\/\/casadolivreiro.pt\/?post_type=product&#038;p=502"},"modified":"2024-03-14T12:38:09","modified_gmt":"2024-03-14T12:38:09","slug":"yo-el-intruso-juan-antonio-vallejo-nagera","status":"publish","type":"product","link":"https:\/\/casadolivreiro.pt\/index.php\/product\/yo-el-intruso-juan-antonio-vallejo-nagera\/","title":{"rendered":"YO, EL INTRUSO &#8211; Juan Antonio Vallejo-N\u00e1gera"},"content":{"rendered":"<p>YO, EL INTRUSO<br \/>\nJuan Antonio Vallejo-N\u00e1gera<br \/>\nPrimeira edi\u00e7\u00e3o<br \/>\nISBN: 84-320-5597-2<br \/>\nEditor: Planeta, Barcelona<br \/>\nData de Lan\u00e7amento: 1987<br \/>\nIdioma:\u00a0 Espanhol<br \/>\nDimens\u00f5es: 10.3 x 2.2 x 18.2 cm<br \/>\nEncaderna\u00e7\u00e3o: Capa dura<br \/>\nP\u00e1ginas: 247<\/p>\n","protected":false},"excerpt":{"rendered":"<p>YO, EL INTRUSO Juan Antonio Vallejo-N\u00e1gera Primeira edi\u00e7\u00e3o ISBN: 84-320-5597-2 Editor: Planeta, Barcelona Data de Lan\u00e7amento: 1987 Idioma:\u00a0 Espanhol Dimens\u00f5es: 10.3 x 2.2 x 18.2 cm Encaderna\u00e7\u00e3o: Capa dura P\u00e1ginas: 247<\/p>\n","protected":false},"featured_media":503,"comment_status":"open","ping_status":"closed","template":"","meta":{"om_disable_all_campaigns":false,"_monsterinsights_skip_tracking":false,"_monsterinsights_sitenote_active":false,"_monsterinsights_sitenote_note":"","_monsterinsights_sitenote_category":0,"_uf_show_specific_survey":0,"_uf_disable_surveys":false},"product_cat":[57,38],"product_tag":[],"aioseo_notices":[],"jetpack_sharing_enabled":true,"_links":{"self":[{"href":"https:\/\/casadolivreiro.pt\/index.php\/wp-json\/wp\/v2\/product\/502"}],"collection":[{"href":"https:\/\/casadolivreiro.pt\/index.php\/wp-json\/wp\/v2\/product"}],"about":[{"href":"https:\/\/casadolivreiro.pt\/index.php\/wp-json\/wp\/v2\/types\/product"}],"replies":[{"embeddable":true,"href":"https:\/\/casadolivreiro.pt\/index.php\/wp-json\/wp\/v2\/comments?post=502"}],"wp:featuredmedia":[{"embeddable":true,"href":"https:\/\/casadolivreiro.pt\/index.php\/wp-json\/wp\/v2\/media\/503"}],"wp:attachment":[{"href":"https:\/\/casadolivreiro.pt\/index.php\/wp-json\/wp\/v2\/media?parent=502"}],"wp:term":[{"taxonomy":"product_cat","embeddable":true,"href":"https:\/\/casadolivreiro.pt\/index.php\/wp-json\/wp\/v2\/product_cat?post=502"},{"taxonomy":"product_tag","embeddable":true,"href":"https:\/\/casadolivreiro.pt\/index.php\/wp-json\/wp\/v2\/product_tag?post=502"}],"curies":[{"name":"wp","href":"https:\/\/api.w.org\/{rel}","templated":true}]}}