{"id":5013,"date":"2025-04-23T11:24:39","date_gmt":"2025-04-23T11:24:39","guid":{"rendered":"https:\/\/casadolivreiro.pt\/?post_type=product&#038;p=5013"},"modified":"2025-04-23T11:24:39","modified_gmt":"2025-04-23T11:24:39","slug":"a-menina-da-sexta-lua-moony-witcher","status":"publish","type":"product","link":"https:\/\/casadolivreiro.pt\/index.php\/product\/a-menina-da-sexta-lua-moony-witcher\/","title":{"rendered":"A MENINA DA SEXTA LUA \u2013 Moony Witcher"},"content":{"rendered":"<p>A MENINA DA SEXTA LUA \u2013 Moony Witcher<\/p>\n<p>Tradu\u00e7\u00e3o de\u00a0 Terezinha Monteiro Deutsch<\/p>\n<p>Ano de edi\u00e7\u00e3o:\u00a0 2004<\/p>\n<p>Editor: Editora Best Seller, S\u00e3o Paulo<\/p>\n<p>Idioma: Portugu\u00eas<\/p>\n<p>Dimens\u00f5es: 13.5 x 1.8 x 21<\/p>\n<p>Encaderna\u00e7\u00e3o: capa mole<\/p>\n<p>P\u00e1ginas: 287<\/p>\n","protected":false},"excerpt":{"rendered":"<p>A MENINA DA SEXTA LUA \u2013 Moony Witcher Tradu\u00e7\u00e3o de\u00a0 Terezinha Monteiro Deutsch Ano de edi\u00e7\u00e3o:\u00a0 2004 Editor: Editora Best Seller, S\u00e3o Paulo Idioma: Portugu\u00eas Dimens\u00f5es: 13.5 x 1.8 x 21 Encaderna\u00e7\u00e3o: capa mole P\u00e1ginas: 287<\/p>\n","protected":false},"featured_media":0,"comment_status":"open","ping_status":"closed","template":"","meta":{"om_disable_all_campaigns":false,"_monsterinsights_skip_tracking":false,"_monsterinsights_sitenote_active":false,"_monsterinsights_sitenote_note":"","_monsterinsights_sitenote_category":0,"_uf_show_specific_survey":0,"_uf_disable_surveys":false},"product_cat":[34],"product_tag":[],"aioseo_notices":[],"jetpack_sharing_enabled":true,"_links":{"self":[{"href":"https:\/\/casadolivreiro.pt\/index.php\/wp-json\/wp\/v2\/product\/5013"}],"collection":[{"href":"https:\/\/casadolivreiro.pt\/index.php\/wp-json\/wp\/v2\/product"}],"about":[{"href":"https:\/\/casadolivreiro.pt\/index.php\/wp-json\/wp\/v2\/types\/product"}],"replies":[{"embeddable":true,"href":"https:\/\/casadolivreiro.pt\/index.php\/wp-json\/wp\/v2\/comments?post=5013"}],"wp:attachment":[{"href":"https:\/\/casadolivreiro.pt\/index.php\/wp-json\/wp\/v2\/media?parent=5013"}],"wp:term":[{"taxonomy":"product_cat","embeddable":true,"href":"https:\/\/casadolivreiro.pt\/index.php\/wp-json\/wp\/v2\/product_cat?post=5013"},{"taxonomy":"product_tag","embeddable":true,"href":"https:\/\/casadolivreiro.pt\/index.php\/wp-json\/wp\/v2\/product_tag?post=5013"}],"curies":[{"name":"wp","href":"https:\/\/api.w.org\/{rel}","templated":true}]}}