{"id":5000,"date":"2025-04-22T23:05:19","date_gmt":"2025-04-22T23:05:19","guid":{"rendered":"https:\/\/casadolivreiro.pt\/?post_type=product&#038;p=5000"},"modified":"2025-04-22T23:05:19","modified_gmt":"2025-04-22T23:05:19","slug":"sofia-gama-e-a-profecia-do-templario-isabel-ricardo-amaral","status":"publish","type":"product","link":"https:\/\/casadolivreiro.pt\/index.php\/product\/sofia-gama-e-a-profecia-do-templario-isabel-ricardo-amaral\/","title":{"rendered":"SOFIA GAMA E A PROFECIA DO TEMPL\u00c1RIO \u2013 Isabel Ricardo Amaral"},"content":{"rendered":"<p>SOFIA GAMA E A PROFECIA DO TEMPL\u00c1RIO \u2013 Isabel Ricardo Amaral<\/p>\n<p>Colec\u00e7\u00e3o Guerreiros da Luz<\/p>\n<p>Ano de edi\u00e7\u00e3o:\u00a0 2007<\/p>\n<p>Editor: Livros do Brasil, Lisboa<\/p>\n<p>Idioma: Portugu\u00eas<\/p>\n<p>Dimens\u00f5es: 14 x 2.1 x 21<\/p>\n<p>Encaderna\u00e7\u00e3o: capa mole<\/p>\n<p>P\u00e1ginas: 421<\/p>\n","protected":false},"excerpt":{"rendered":"<p>SOFIA GAMA E A PROFECIA DO TEMPL\u00c1RIO \u2013 Isabel Ricardo Amaral Colec\u00e7\u00e3o Guerreiros da Luz Ano de edi\u00e7\u00e3o:\u00a0 2007 Editor: Livros do Brasil, Lisboa Idioma: Portugu\u00eas Dimens\u00f5es: 14 x 2.1 x 21 Encaderna\u00e7\u00e3o: capa mole P\u00e1ginas: 421<\/p>\n","protected":false},"featured_media":5001,"comment_status":"open","ping_status":"closed","template":"","meta":{"om_disable_all_campaigns":false,"_monsterinsights_skip_tracking":false,"_monsterinsights_sitenote_active":false,"_monsterinsights_sitenote_note":"","_monsterinsights_sitenote_category":0,"_uf_show_specific_survey":0,"_uf_disable_surveys":false},"product_cat":[34],"product_tag":[],"aioseo_notices":[],"jetpack_sharing_enabled":true,"_links":{"self":[{"href":"https:\/\/casadolivreiro.pt\/index.php\/wp-json\/wp\/v2\/product\/5000"}],"collection":[{"href":"https:\/\/casadolivreiro.pt\/index.php\/wp-json\/wp\/v2\/product"}],"about":[{"href":"https:\/\/casadolivreiro.pt\/index.php\/wp-json\/wp\/v2\/types\/product"}],"replies":[{"embeddable":true,"href":"https:\/\/casadolivreiro.pt\/index.php\/wp-json\/wp\/v2\/comments?post=5000"}],"wp:featuredmedia":[{"embeddable":true,"href":"https:\/\/casadolivreiro.pt\/index.php\/wp-json\/wp\/v2\/media\/5001"}],"wp:attachment":[{"href":"https:\/\/casadolivreiro.pt\/index.php\/wp-json\/wp\/v2\/media?parent=5000"}],"wp:term":[{"taxonomy":"product_cat","embeddable":true,"href":"https:\/\/casadolivreiro.pt\/index.php\/wp-json\/wp\/v2\/product_cat?post=5000"},{"taxonomy":"product_tag","embeddable":true,"href":"https:\/\/casadolivreiro.pt\/index.php\/wp-json\/wp\/v2\/product_tag?post=5000"}],"curies":[{"name":"wp","href":"https:\/\/api.w.org\/{rel}","templated":true}]}}