{"id":500,"date":"2024-03-14T12:17:17","date_gmt":"2024-03-14T12:17:17","guid":{"rendered":"https:\/\/casadolivreiro.pt\/?post_type=product&#038;p=500"},"modified":"2024-03-14T12:17:17","modified_gmt":"2024-03-14T12:17:17","slug":"peur-noire-harlan-coben","status":"publish","type":"product","link":"https:\/\/casadolivreiro.pt\/index.php\/product\/peur-noire-harlan-coben\/","title":{"rendered":"PEUR NOIRE &#8211; Harlan Coben"},"content":{"rendered":"<p>PEUR NOIRE<br \/>\nHarlan Coben<br \/>\nISBN: 978-2-265-07672-3<br \/>\nEditor: Fleuve Noir<br \/>\nData de Lan\u00e7amento: 2009<br \/>\nIdioma:\u00a0 Franc\u00eas<br \/>\nDimens\u00f5es: 14 x 2.8 x 22.5<br \/>\nEncaderna\u00e7\u00e3o: Capa mole<br \/>\nP\u00e1ginas: 344<\/p>\n<p>Alors que sa vie professionnelle comme agent sportif semble pi\u00e9tiner, et que son p\u00e8re se remet non sans mal d&#8217;un infarctus, Myron Bolitar est brutalement pr\u00e9cipit\u00e9 dans une affaire dont il se serait bien pass\u00e9. Son ex-petite amie, Emily Downing, qui l&#8217;avait plaqu\u00e9 pour aller \u00e9pouser son pire ennemi, resurgit dans sa vie en r\u00e9clamant son aide : elle a un fils de 13 ans atteint de l&#8217;an\u00e9mie de Fanconi. Seule une greffe de moelle osseuse pourrait d\u00e9sormais le sauver. Sauf que le donneur compatible inscrit au fichier est introuvable. Pire, il semble vouloir se cacher. De qui ? Pour quelle raison ? Flanqu\u00e9 de sa garde rapproch\u00e9e, Myron Bolitar plonge au coeur d&#8217;une histoire familiale sombre et v\u00e9n\u00e9neuse, qui l&#8217;implique de mani\u00e8re tr\u00e8s&#8230;personnelle.<\/p>\n","protected":false},"excerpt":{"rendered":"<p>PEUR NOIRE Harlan Coben ISBN: 978-2-265-07672-3 Editor: Fleuve Noir Data de Lan\u00e7amento: 2009 Idioma:\u00a0 Franc\u00eas Dimens\u00f5es: 14 x 2.8 x 22.5 Encaderna\u00e7\u00e3o: Capa mole P\u00e1ginas: 344 Alors que sa vie professionnelle comme agent sportif semble pi\u00e9tiner, et que son p\u00e8re se remet non sans mal d&#8217;un infarctus, Myron Bolitar est brutalement pr\u00e9cipit\u00e9 dans une affaire [&hellip;]<\/p>\n","protected":false},"featured_media":501,"comment_status":"open","ping_status":"closed","template":"","meta":{"om_disable_all_campaigns":false,"_monsterinsights_skip_tracking":false,"_monsterinsights_sitenote_active":false,"_monsterinsights_sitenote_note":"","_monsterinsights_sitenote_category":0,"_uf_show_specific_survey":0,"_uf_disable_surveys":false},"product_cat":[56],"product_tag":[],"aioseo_notices":[],"jetpack_sharing_enabled":true,"_links":{"self":[{"href":"https:\/\/casadolivreiro.pt\/index.php\/wp-json\/wp\/v2\/product\/500"}],"collection":[{"href":"https:\/\/casadolivreiro.pt\/index.php\/wp-json\/wp\/v2\/product"}],"about":[{"href":"https:\/\/casadolivreiro.pt\/index.php\/wp-json\/wp\/v2\/types\/product"}],"replies":[{"embeddable":true,"href":"https:\/\/casadolivreiro.pt\/index.php\/wp-json\/wp\/v2\/comments?post=500"}],"wp:featuredmedia":[{"embeddable":true,"href":"https:\/\/casadolivreiro.pt\/index.php\/wp-json\/wp\/v2\/media\/501"}],"wp:attachment":[{"href":"https:\/\/casadolivreiro.pt\/index.php\/wp-json\/wp\/v2\/media?parent=500"}],"wp:term":[{"taxonomy":"product_cat","embeddable":true,"href":"https:\/\/casadolivreiro.pt\/index.php\/wp-json\/wp\/v2\/product_cat?post=500"},{"taxonomy":"product_tag","embeddable":true,"href":"https:\/\/casadolivreiro.pt\/index.php\/wp-json\/wp\/v2\/product_tag?post=500"}],"curies":[{"name":"wp","href":"https:\/\/api.w.org\/{rel}","templated":true}]}}