{"id":4998,"date":"2025-04-22T22:58:12","date_gmt":"2025-04-22T22:58:12","guid":{"rendered":"https:\/\/casadolivreiro.pt\/?post_type=product&#038;p=4998"},"modified":"2025-04-22T22:58:12","modified_gmt":"2025-04-22T22:58:12","slug":"o-geniozinho-maria-teresa-maia-gonzalez","status":"publish","type":"product","link":"https:\/\/casadolivreiro.pt\/index.php\/product\/o-geniozinho-maria-teresa-maia-gonzalez\/","title":{"rendered":"O GENIOZINHO \u2013 Maria Teresa Maia Gonzalez"},"content":{"rendered":"<p>O GENIOZINHO \u2013 Maria Teresa Maia Gonzalez<\/p>\n<p>Colec\u00e7\u00e3o Profiss\u00e3o: Adolescente<\/p>\n<p>Ano de edi\u00e7\u00e3o:\u00a0 2001<\/p>\n<p>Editor: Difel 82, Difus\u00e3o Editorial S.A.<\/p>\n<p>Idioma: Portugu\u00eas<\/p>\n<p>Dimens\u00f5es: 13.9 x 0.7 x 21<\/p>\n<p>Encaderna\u00e7\u00e3o: capa mole<\/p>\n<p>P\u00e1ginas: 118<\/p>\n","protected":false},"excerpt":{"rendered":"<p>O GENIOZINHO \u2013 Maria Teresa Maia Gonzalez Colec\u00e7\u00e3o Profiss\u00e3o: Adolescente Ano de edi\u00e7\u00e3o:\u00a0 2001 Editor: Difel 82, Difus\u00e3o Editorial S.A. Idioma: Portugu\u00eas Dimens\u00f5es: 13.9 x 0.7 x 21 Encaderna\u00e7\u00e3o: capa mole P\u00e1ginas: 118<\/p>\n","protected":false},"featured_media":4999,"comment_status":"open","ping_status":"closed","template":"","meta":{"om_disable_all_campaigns":false,"_monsterinsights_skip_tracking":false,"_monsterinsights_sitenote_active":false,"_monsterinsights_sitenote_note":"","_monsterinsights_sitenote_category":0,"_uf_show_specific_survey":0,"_uf_disable_surveys":false},"product_cat":[34],"product_tag":[],"aioseo_notices":[],"jetpack_sharing_enabled":true,"_links":{"self":[{"href":"https:\/\/casadolivreiro.pt\/index.php\/wp-json\/wp\/v2\/product\/4998"}],"collection":[{"href":"https:\/\/casadolivreiro.pt\/index.php\/wp-json\/wp\/v2\/product"}],"about":[{"href":"https:\/\/casadolivreiro.pt\/index.php\/wp-json\/wp\/v2\/types\/product"}],"replies":[{"embeddable":true,"href":"https:\/\/casadolivreiro.pt\/index.php\/wp-json\/wp\/v2\/comments?post=4998"}],"wp:featuredmedia":[{"embeddable":true,"href":"https:\/\/casadolivreiro.pt\/index.php\/wp-json\/wp\/v2\/media\/4999"}],"wp:attachment":[{"href":"https:\/\/casadolivreiro.pt\/index.php\/wp-json\/wp\/v2\/media?parent=4998"}],"wp:term":[{"taxonomy":"product_cat","embeddable":true,"href":"https:\/\/casadolivreiro.pt\/index.php\/wp-json\/wp\/v2\/product_cat?post=4998"},{"taxonomy":"product_tag","embeddable":true,"href":"https:\/\/casadolivreiro.pt\/index.php\/wp-json\/wp\/v2\/product_tag?post=4998"}],"curies":[{"name":"wp","href":"https:\/\/api.w.org\/{rel}","templated":true}]}}