{"id":4991,"date":"2025-04-22T22:47:55","date_gmt":"2025-04-22T22:47:55","guid":{"rendered":"https:\/\/casadolivreiro.pt\/?post_type=product&#038;p=4991"},"modified":"2025-04-22T22:47:55","modified_gmt":"2025-04-22T22:47:55","slug":"conspiracao-365-abril-livro-4-gabrielle-lord","status":"publish","type":"product","link":"https:\/\/casadolivreiro.pt\/index.php\/product\/conspiracao-365-abril-livro-4-gabrielle-lord\/","title":{"rendered":"CONSPIRA\u00c7\u00c3O 365: ABRIL, Livro 4 \u2013 Gabrielle Lord"},"content":{"rendered":"<p>CONSPIRA\u00c7\u00c3O 365: ABRIL, Livro 4 \u2013 Gabrielle Lord<\/p>\n<p>Tradu\u00e7\u00e3o de Carla Alves<\/p>\n<p>Ano de edi\u00e7\u00e3o:\u00a0 2011<\/p>\n<p>Editor: Contraponto, Lisboa<\/p>\n<p>Idioma: Portugu\u00eas<\/p>\n<p>Dimens\u00f5es: 12.8 x 1.2 x 19.7<\/p>\n<p>Encaderna\u00e7\u00e3o: capa mole<\/p>\n<p>P\u00e1ginas: 181<\/p>\n","protected":false},"excerpt":{"rendered":"<p>CONSPIRA\u00c7\u00c3O 365: ABRIL, Livro 4 \u2013 Gabrielle Lord Tradu\u00e7\u00e3o de Carla Alves Ano de edi\u00e7\u00e3o:\u00a0 2011 Editor: Contraponto, Lisboa Idioma: Portugu\u00eas Dimens\u00f5es: 12.8 x 1.2 x 19.7 Encaderna\u00e7\u00e3o: capa mole P\u00e1ginas: 181<\/p>\n","protected":false},"featured_media":4992,"comment_status":"open","ping_status":"closed","template":"","meta":{"om_disable_all_campaigns":false,"_monsterinsights_skip_tracking":false,"_monsterinsights_sitenote_active":false,"_monsterinsights_sitenote_note":"","_monsterinsights_sitenote_category":0,"_uf_show_specific_survey":0,"_uf_disable_surveys":false},"product_cat":[34],"product_tag":[],"aioseo_notices":[],"jetpack_sharing_enabled":true,"_links":{"self":[{"href":"https:\/\/casadolivreiro.pt\/index.php\/wp-json\/wp\/v2\/product\/4991"}],"collection":[{"href":"https:\/\/casadolivreiro.pt\/index.php\/wp-json\/wp\/v2\/product"}],"about":[{"href":"https:\/\/casadolivreiro.pt\/index.php\/wp-json\/wp\/v2\/types\/product"}],"replies":[{"embeddable":true,"href":"https:\/\/casadolivreiro.pt\/index.php\/wp-json\/wp\/v2\/comments?post=4991"}],"wp:featuredmedia":[{"embeddable":true,"href":"https:\/\/casadolivreiro.pt\/index.php\/wp-json\/wp\/v2\/media\/4992"}],"wp:attachment":[{"href":"https:\/\/casadolivreiro.pt\/index.php\/wp-json\/wp\/v2\/media?parent=4991"}],"wp:term":[{"taxonomy":"product_cat","embeddable":true,"href":"https:\/\/casadolivreiro.pt\/index.php\/wp-json\/wp\/v2\/product_cat?post=4991"},{"taxonomy":"product_tag","embeddable":true,"href":"https:\/\/casadolivreiro.pt\/index.php\/wp-json\/wp\/v2\/product_tag?post=4991"}],"curies":[{"name":"wp","href":"https:\/\/api.w.org\/{rel}","templated":true}]}}