{"id":498,"date":"2024-03-14T12:13:52","date_gmt":"2024-03-14T12:13:52","guid":{"rendered":"https:\/\/casadolivreiro.pt\/?post_type=product&#038;p=498"},"modified":"2024-03-14T12:13:52","modified_gmt":"2024-03-14T12:13:52","slug":"un-ciel-trop-bleu-francisco-jose-viegas","status":"publish","type":"product","link":"https:\/\/casadolivreiro.pt\/index.php\/product\/un-ciel-trop-bleu-francisco-jose-viegas\/","title":{"rendered":"UN CIEL TROP BLEU &#8211; Francisco Jos\u00e9 Viegas"},"content":{"rendered":"<p>UN CIEL TROP BLEU<br \/>\nFrancisco Jos\u00e9 Viegas<br \/>\nTraduit du portugais par S\u00e9verine Rosset<br \/>\nISBN: 2-226-17345-5<br \/>\nEditor: Albin Michel<br \/>\nData de Lan\u00e7amento: 2006<br \/>\nIdioma:\u00a0 Franc\u00eas<br \/>\nDimens\u00f5es: 14.5 x 2.8 x 22.5<br \/>\nEncaderna\u00e7\u00e3o: Capa mole<br \/>\nP\u00e1ginas: 328<\/p>\n<p>O\u00f9 l&#8217;on retrouve l&#8217;inspecteur Jaime Ramos, de Porto, plus philosophe que jamais et toujours amateur de cigares cubains, de bons vins et de bonne cuisine aux recettes gourmandes soigneusement r\u00e9pertori\u00e9es&#8230; Et Filipe Castanheira, sous-inspecteur de dix ans le cadet de Ramos, envoy\u00e9 \u00e0 Lisbonne par son sup\u00e9rieur hi\u00e9rarchique des A\u00e7ores, pour suivre un cours de formation professionnelle. Occasion de venir seconder son ami Ramos le temps d&#8217;une enqu\u00eate tandis que ce dernier s&#8217;envole pour le Mexique et Cuba sur les traces de la victime d&#8217;un meurtre : le fils d&#8217;un haut fonctionnaire du gouvernement, dont le corps ensanglant\u00e9 a \u00e9t\u00e9 retrouv\u00e9 dans le coffre de sa Peugeot. Comme dans Les deux eaux de la mer, Viegas d\u00e9monte la m\u00e9canique de cette &#8221; histoire de vengeance &#8221; avec la minutie d&#8217;un horloger. Mais ce qui compte vraiment, c&#8217;est l&#8217;analyse psychologique, &#8221; l&#8217;\u00e2me &#8221; des protagonistes, leurs drames intimes. Toujours sur fond de paysages d\u00e9crits dans un style envo\u00fbtant, l&#8217;intrigue \u00e0 suspense, magnifiquement entretenu, s&#8217;\u00e9largit \u00e0 la dimension d&#8217;une fresque socio-politique, teint\u00e9e d&#8217;\u00e9rotisme et de spleen. Les deux eaux de la mer avait permis de d\u00e9couvrir un \u00e9crivain rare. Un Ciel trop bleu en apporte la confirmation \u00e9tincelante.<\/p>\n","protected":false},"excerpt":{"rendered":"<p>UN CIEL TROP BLEU Francisco Jos\u00e9 Viegas Traduit du portugais par S\u00e9verine Rosset ISBN: 2-226-17345-5 Editor: Albin Michel Data de Lan\u00e7amento: 2006 Idioma:\u00a0 Franc\u00eas Dimens\u00f5es: 14.5 x 2.8 x 22.5 Encaderna\u00e7\u00e3o: Capa mole P\u00e1ginas: 328 O\u00f9 l&#8217;on retrouve l&#8217;inspecteur Jaime Ramos, de Porto, plus philosophe que jamais et toujours amateur de cigares cubains, de bons [&hellip;]<\/p>\n","protected":false},"featured_media":499,"comment_status":"open","ping_status":"closed","template":"","meta":{"om_disable_all_campaigns":false,"_monsterinsights_skip_tracking":false,"_monsterinsights_sitenote_active":false,"_monsterinsights_sitenote_note":"","_monsterinsights_sitenote_category":0,"_uf_show_specific_survey":0,"_uf_disable_surveys":false},"product_cat":[25,56,44],"product_tag":[],"aioseo_notices":[],"jetpack_sharing_enabled":true,"_links":{"self":[{"href":"https:\/\/casadolivreiro.pt\/index.php\/wp-json\/wp\/v2\/product\/498"}],"collection":[{"href":"https:\/\/casadolivreiro.pt\/index.php\/wp-json\/wp\/v2\/product"}],"about":[{"href":"https:\/\/casadolivreiro.pt\/index.php\/wp-json\/wp\/v2\/types\/product"}],"replies":[{"embeddable":true,"href":"https:\/\/casadolivreiro.pt\/index.php\/wp-json\/wp\/v2\/comments?post=498"}],"wp:featuredmedia":[{"embeddable":true,"href":"https:\/\/casadolivreiro.pt\/index.php\/wp-json\/wp\/v2\/media\/499"}],"wp:attachment":[{"href":"https:\/\/casadolivreiro.pt\/index.php\/wp-json\/wp\/v2\/media?parent=498"}],"wp:term":[{"taxonomy":"product_cat","embeddable":true,"href":"https:\/\/casadolivreiro.pt\/index.php\/wp-json\/wp\/v2\/product_cat?post=498"},{"taxonomy":"product_tag","embeddable":true,"href":"https:\/\/casadolivreiro.pt\/index.php\/wp-json\/wp\/v2\/product_tag?post=498"}],"curies":[{"name":"wp","href":"https:\/\/api.w.org\/{rel}","templated":true}]}}