{"id":4975,"date":"2025-04-22T18:48:01","date_gmt":"2025-04-22T18:48:01","guid":{"rendered":"https:\/\/casadolivreiro.pt\/?post_type=product&#038;p=4975"},"modified":"2025-04-22T18:48:01","modified_gmt":"2025-04-22T18:48:01","slug":"o-que-katy-fez-susan-coolidge","status":"publish","type":"product","link":"https:\/\/casadolivreiro.pt\/index.php\/product\/o-que-katy-fez-susan-coolidge\/","title":{"rendered":"O QUE KATY FEZ \u2013 Susan Coolidge"},"content":{"rendered":"<p>O QUE KATY FEZ \u2013 Susan Coolidge<\/p>\n<p>Colec\u00e7\u00e3o: As hist\u00f3rias que eu mais gosto<\/p>\n<p>Ano de edi\u00e7\u00e3o:\u00a0 1988<\/p>\n<p>Editor: Edinter, Porto<\/p>\n<p>Idioma: Portugu\u00eas<\/p>\n<p>Dimens\u00f5es: 12.5 x 0.6 x 19.5<\/p>\n<p>Encaderna\u00e7\u00e3o: capa dura<\/p>\n<p>P\u00e1ginas: 61<\/p>\n","protected":false},"excerpt":{"rendered":"<p>O QUE KATY FEZ \u2013 Susan Coolidge Colec\u00e7\u00e3o: As hist\u00f3rias que eu mais gosto Ano de edi\u00e7\u00e3o:\u00a0 1988 Editor: Edinter, Porto Idioma: Portugu\u00eas Dimens\u00f5es: 12.5 x 0.6 x 19.5 Encaderna\u00e7\u00e3o: capa dura P\u00e1ginas: 61<\/p>\n","protected":false},"featured_media":4976,"comment_status":"open","ping_status":"closed","template":"","meta":{"om_disable_all_campaigns":false,"_monsterinsights_skip_tracking":false,"_monsterinsights_sitenote_active":false,"_monsterinsights_sitenote_note":"","_monsterinsights_sitenote_category":0,"_uf_show_specific_survey":0,"_uf_disable_surveys":false},"product_cat":[34],"product_tag":[],"aioseo_notices":[],"jetpack_sharing_enabled":true,"_links":{"self":[{"href":"https:\/\/casadolivreiro.pt\/index.php\/wp-json\/wp\/v2\/product\/4975"}],"collection":[{"href":"https:\/\/casadolivreiro.pt\/index.php\/wp-json\/wp\/v2\/product"}],"about":[{"href":"https:\/\/casadolivreiro.pt\/index.php\/wp-json\/wp\/v2\/types\/product"}],"replies":[{"embeddable":true,"href":"https:\/\/casadolivreiro.pt\/index.php\/wp-json\/wp\/v2\/comments?post=4975"}],"wp:featuredmedia":[{"embeddable":true,"href":"https:\/\/casadolivreiro.pt\/index.php\/wp-json\/wp\/v2\/media\/4976"}],"wp:attachment":[{"href":"https:\/\/casadolivreiro.pt\/index.php\/wp-json\/wp\/v2\/media?parent=4975"}],"wp:term":[{"taxonomy":"product_cat","embeddable":true,"href":"https:\/\/casadolivreiro.pt\/index.php\/wp-json\/wp\/v2\/product_cat?post=4975"},{"taxonomy":"product_tag","embeddable":true,"href":"https:\/\/casadolivreiro.pt\/index.php\/wp-json\/wp\/v2\/product_tag?post=4975"}],"curies":[{"name":"wp","href":"https:\/\/api.w.org\/{rel}","templated":true}]}}