{"id":4969,"date":"2025-04-22T18:21:55","date_gmt":"2025-04-22T18:21:55","guid":{"rendered":"https:\/\/casadolivreiro.pt\/?post_type=product&#038;p=4969"},"modified":"2025-04-22T18:21:55","modified_gmt":"2025-04-22T18:21:55","slug":"henrique-o-terrivel-engana-a-fada-dos-dentes-francesca-simon","status":"publish","type":"product","link":"https:\/\/casadolivreiro.pt\/index.php\/product\/henrique-o-terrivel-engana-a-fada-dos-dentes-francesca-simon\/","title":{"rendered":"HENRIQUE, O TERR\u00cdVEL, ENGANA A FADA DOS DENTES \u2013 Francesca Simon"},"content":{"rendered":"<p>HENRIQUE, O TERR\u00cdVEL, ENGANA A FADA DOS DENTES \u2013 Francesca Simon<\/p>\n<p>Tradu\u00e7\u00e3o de R\u00f3mina Laranjeira<\/p>\n<p>Ano de edi\u00e7\u00e3o:\u00a0 2008<\/p>\n<p>Editor: Edi\u00e7\u00f5es Gailivro, Gaia<\/p>\n<p>Idioma: Portugu\u00eas<\/p>\n<p>Dimens\u00f5es: 12.5 x 0.6 x 19.5<\/p>\n<p>Encaderna\u00e7\u00e3o: capa mole<\/p>\n<p>P\u00e1ginas: 96<\/p>\n","protected":false},"excerpt":{"rendered":"<p>HENRIQUE, O TERR\u00cdVEL, ENGANA A FADA DOS DENTES \u2013 Francesca Simon Tradu\u00e7\u00e3o de R\u00f3mina Laranjeira Ano de edi\u00e7\u00e3o:\u00a0 2008 Editor: Edi\u00e7\u00f5es Gailivro, Gaia Idioma: Portugu\u00eas Dimens\u00f5es: 12.5 x 0.6 x 19.5 Encaderna\u00e7\u00e3o: capa mole P\u00e1ginas: 96<\/p>\n","protected":false},"featured_media":4970,"comment_status":"open","ping_status":"closed","template":"","meta":{"om_disable_all_campaigns":false,"_monsterinsights_skip_tracking":false,"_monsterinsights_sitenote_active":false,"_monsterinsights_sitenote_note":"","_monsterinsights_sitenote_category":0,"_uf_show_specific_survey":0,"_uf_disable_surveys":false},"product_cat":[34],"product_tag":[],"aioseo_notices":[],"jetpack_sharing_enabled":true,"_links":{"self":[{"href":"https:\/\/casadolivreiro.pt\/index.php\/wp-json\/wp\/v2\/product\/4969"}],"collection":[{"href":"https:\/\/casadolivreiro.pt\/index.php\/wp-json\/wp\/v2\/product"}],"about":[{"href":"https:\/\/casadolivreiro.pt\/index.php\/wp-json\/wp\/v2\/types\/product"}],"replies":[{"embeddable":true,"href":"https:\/\/casadolivreiro.pt\/index.php\/wp-json\/wp\/v2\/comments?post=4969"}],"wp:featuredmedia":[{"embeddable":true,"href":"https:\/\/casadolivreiro.pt\/index.php\/wp-json\/wp\/v2\/media\/4970"}],"wp:attachment":[{"href":"https:\/\/casadolivreiro.pt\/index.php\/wp-json\/wp\/v2\/media?parent=4969"}],"wp:term":[{"taxonomy":"product_cat","embeddable":true,"href":"https:\/\/casadolivreiro.pt\/index.php\/wp-json\/wp\/v2\/product_cat?post=4969"},{"taxonomy":"product_tag","embeddable":true,"href":"https:\/\/casadolivreiro.pt\/index.php\/wp-json\/wp\/v2\/product_tag?post=4969"}],"curies":[{"name":"wp","href":"https:\/\/api.w.org\/{rel}","templated":true}]}}