{"id":4961,"date":"2025-04-22T17:43:21","date_gmt":"2025-04-22T17:43:21","guid":{"rendered":"https:\/\/casadolivreiro.pt\/?post_type=product&#038;p=4961"},"modified":"2025-04-22T17:43:21","modified_gmt":"2025-04-22T17:43:21","slug":"tom-swift-a-energia-destruidora-victor-appleton","status":"publish","type":"product","link":"https:\/\/casadolivreiro.pt\/index.php\/product\/tom-swift-a-energia-destruidora-victor-appleton\/","title":{"rendered":"TOM SWIFT:  A ENERGIA DESTRUIDORA \u2013 Victor Appleton"},"content":{"rendered":"<p>TOM SWIFT:\u00a0 A ENERGIA DESTRUIDORA \u2013 Victor Appleton<\/p>\n<p>Tradu\u00e7\u00e3o de Maria Adelaide Namorado Freire<\/p>\n<p>Ano de edi\u00e7\u00e3o:\u00a0 1986<\/p>\n<p>Editor: Verbo, Lisboa<\/p>\n<p>Idioma: Portugu\u00eas<\/p>\n<p>Dimens\u00f5es: 13 x 1.5 x 19<\/p>\n<p>Encaderna\u00e7\u00e3o: capa mole<\/p>\n<p>P\u00e1ginas: 158<\/p>\n","protected":false},"excerpt":{"rendered":"<p>TOM SWIFT:\u00a0 A ENERGIA DESTRUIDORA \u2013 Victor Appleton Tradu\u00e7\u00e3o de Maria Adelaide Namorado Freire Ano de edi\u00e7\u00e3o:\u00a0 1986 Editor: Verbo, Lisboa Idioma: Portugu\u00eas Dimens\u00f5es: 13 x 1.5 x 19 Encaderna\u00e7\u00e3o: capa mole P\u00e1ginas: 158<\/p>\n","protected":false},"featured_media":4962,"comment_status":"open","ping_status":"closed","template":"","meta":{"om_disable_all_campaigns":false,"_monsterinsights_skip_tracking":false,"_monsterinsights_sitenote_active":false,"_monsterinsights_sitenote_note":"","_monsterinsights_sitenote_category":0,"_uf_show_specific_survey":0,"_uf_disable_surveys":false},"product_cat":[34],"product_tag":[],"aioseo_notices":[],"jetpack_sharing_enabled":true,"_links":{"self":[{"href":"https:\/\/casadolivreiro.pt\/index.php\/wp-json\/wp\/v2\/product\/4961"}],"collection":[{"href":"https:\/\/casadolivreiro.pt\/index.php\/wp-json\/wp\/v2\/product"}],"about":[{"href":"https:\/\/casadolivreiro.pt\/index.php\/wp-json\/wp\/v2\/types\/product"}],"replies":[{"embeddable":true,"href":"https:\/\/casadolivreiro.pt\/index.php\/wp-json\/wp\/v2\/comments?post=4961"}],"wp:featuredmedia":[{"embeddable":true,"href":"https:\/\/casadolivreiro.pt\/index.php\/wp-json\/wp\/v2\/media\/4962"}],"wp:attachment":[{"href":"https:\/\/casadolivreiro.pt\/index.php\/wp-json\/wp\/v2\/media?parent=4961"}],"wp:term":[{"taxonomy":"product_cat","embeddable":true,"href":"https:\/\/casadolivreiro.pt\/index.php\/wp-json\/wp\/v2\/product_cat?post=4961"},{"taxonomy":"product_tag","embeddable":true,"href":"https:\/\/casadolivreiro.pt\/index.php\/wp-json\/wp\/v2\/product_tag?post=4961"}],"curies":[{"name":"wp","href":"https:\/\/api.w.org\/{rel}","templated":true}]}}