{"id":496,"date":"2024-03-14T12:09:24","date_gmt":"2024-03-14T12:09:24","guid":{"rendered":"https:\/\/casadolivreiro.pt\/?post_type=product&#038;p=496"},"modified":"2024-03-14T12:09:24","modified_gmt":"2024-03-14T12:09:24","slug":"londonistao-como-na-gra-bretanha-se-vive-um-clima-de-terror-melanie-phillips","status":"publish","type":"product","link":"https:\/\/casadolivreiro.pt\/index.php\/product\/londonistao-como-na-gra-bretanha-se-vive-um-clima-de-terror-melanie-phillips\/","title":{"rendered":"LONDONIST\u00c3O: Como na Gr\u00e3-Bretanha se vive um clima de terror  &#8211; Melanie Phillips"},"content":{"rendered":"<p>LONDONIST\u00c3O: Como na Gr\u00e3- Bretanha se vive um clima de terror<br \/>\nMelanie Phillips<br \/>\nISBN: 9789896221096<br \/>\nEditor: Al\u00eatheia Editores<br \/>\nData de Lan\u00e7amento: 2008<br \/>\nIdioma:\u00a0 Portugu\u00eas<br \/>\nDimens\u00f5es: 12.8 x 2 x 22 cm<br \/>\nEncaderna\u00e7\u00e3o: Capa mole<br \/>\nP\u00e1ginas: 192<\/p>\n<p>\u00abUma eloquente chamada de aten\u00e7\u00e3o para os perigos da \u201cparalesia do multiculturalismo\u201d e pacifica\u00e7\u00e3o, aquilo que Melanie Philips chama de \u201cfascismo clerical\u201d.\u00bb Os atentados bombistas perpetrados em Londres em 2005 por mu\u00e7ulmanos brit\u00e2nicos revelaram uma alarmante rede de terroristas isl\u00e2micos e seus simpatizantes. Debaixo do nariz dos servi\u00e7os secretos brit\u00e2nicos, Londres tornou-se o eixo europeu para a promo\u00e7\u00e3o, recrutamento e financiamento do terror isl\u00e2mico e extremista \u2013 de tal maneira que passou a ser apelidada de modo sarc\u00e1stico de \u00abLondonist\u00e3o\u00bb. Nesta obra pol\u00e9mica, Melanie Phillips junta as pe\u00e7as e relata a hist\u00f3ria de como a Londonist\u00e3o se desenvolveu como um resultado do colapso da auto-confian\u00e7a e identidade nacional brit\u00e2nicas e a sua consequente paralisia atrav\u00e9s do multiculturalismo e da apatia. O resultado \u00e9 um clima terr\u00edvel vivido em Londres de irracionalidade e derrota, que amea\u00e7a minar a alian\u00e7a com os Estados Unidos da Am\u00e9rica e p\u00f4r em perigo a defesa do mundo livre.<\/p>\n","protected":false},"excerpt":{"rendered":"<p>LONDONIST\u00c3O: Como na Gr\u00e3- Bretanha se vive um clima de terror Melanie Phillips ISBN: 9789896221096 Editor: Al\u00eatheia Editores Data de Lan\u00e7amento: 2008 Idioma:\u00a0 Portugu\u00eas Dimens\u00f5es: 12.8 x 2 x 22 cm Encaderna\u00e7\u00e3o: Capa mole P\u00e1ginas: 192 \u00abUma eloquente chamada de aten\u00e7\u00e3o para os perigos da \u201cparalesia do multiculturalismo\u201d e pacifica\u00e7\u00e3o, aquilo que Melanie Philips chama [&hellip;]<\/p>\n","protected":false},"featured_media":497,"comment_status":"open","ping_status":"closed","template":"","meta":{"om_disable_all_campaigns":false,"_monsterinsights_skip_tracking":false,"_monsterinsights_sitenote_active":false,"_monsterinsights_sitenote_note":"","_monsterinsights_sitenote_category":0,"_uf_show_specific_survey":0,"_uf_disable_surveys":false},"product_cat":[31,30,51],"product_tag":[],"aioseo_notices":[],"jetpack_sharing_enabled":true,"_links":{"self":[{"href":"https:\/\/casadolivreiro.pt\/index.php\/wp-json\/wp\/v2\/product\/496"}],"collection":[{"href":"https:\/\/casadolivreiro.pt\/index.php\/wp-json\/wp\/v2\/product"}],"about":[{"href":"https:\/\/casadolivreiro.pt\/index.php\/wp-json\/wp\/v2\/types\/product"}],"replies":[{"embeddable":true,"href":"https:\/\/casadolivreiro.pt\/index.php\/wp-json\/wp\/v2\/comments?post=496"}],"wp:featuredmedia":[{"embeddable":true,"href":"https:\/\/casadolivreiro.pt\/index.php\/wp-json\/wp\/v2\/media\/497"}],"wp:attachment":[{"href":"https:\/\/casadolivreiro.pt\/index.php\/wp-json\/wp\/v2\/media?parent=496"}],"wp:term":[{"taxonomy":"product_cat","embeddable":true,"href":"https:\/\/casadolivreiro.pt\/index.php\/wp-json\/wp\/v2\/product_cat?post=496"},{"taxonomy":"product_tag","embeddable":true,"href":"https:\/\/casadolivreiro.pt\/index.php\/wp-json\/wp\/v2\/product_tag?post=496"}],"curies":[{"name":"wp","href":"https:\/\/api.w.org\/{rel}","templated":true}]}}