{"id":4959,"date":"2025-04-22T17:41:33","date_gmt":"2025-04-22T17:41:33","guid":{"rendered":"https:\/\/casadolivreiro.pt\/?post_type=product&#038;p=4959"},"modified":"2025-04-22T17:41:33","modified_gmt":"2025-04-22T17:41:33","slug":"tom-swift-a-sonda-que-veio-do-espaco-victor-appleton","status":"publish","type":"product","link":"https:\/\/casadolivreiro.pt\/index.php\/product\/tom-swift-a-sonda-que-veio-do-espaco-victor-appleton\/","title":{"rendered":"TOM SWIFT:  A SONDA QUE VEIO DO ESPA\u00c7O \u2013 Victor Appleton"},"content":{"rendered":"<p>TOM SWIFT:\u00a0 A SONDA QUE VEIO DO ESPA\u00c7O \u2013 Victor Appleton<\/p>\n<p>Tradu\u00e7\u00e3o de A. De Paes Salva\u00e7\u00e3o<\/p>\n<p>Ano de edi\u00e7\u00e3o:\u00a0 1984<\/p>\n<p>Editor: Verbo, Lisboa<\/p>\n<p>Idioma: Portugu\u00eas<\/p>\n<p>Dimens\u00f5es: 13 x 1.5 x 19<\/p>\n<p>Encaderna\u00e7\u00e3o: capa mole<\/p>\n<p>P\u00e1ginas: 174<\/p>\n","protected":false},"excerpt":{"rendered":"<p>TOM SWIFT:\u00a0 A SONDA QUE VEIO DO ESPA\u00c7O \u2013 Victor Appleton Tradu\u00e7\u00e3o de A. De Paes Salva\u00e7\u00e3o Ano de edi\u00e7\u00e3o:\u00a0 1984 Editor: Verbo, Lisboa Idioma: Portugu\u00eas Dimens\u00f5es: 13 x 1.5 x 19 Encaderna\u00e7\u00e3o: capa mole P\u00e1ginas: 174<\/p>\n","protected":false},"featured_media":4960,"comment_status":"open","ping_status":"closed","template":"","meta":{"om_disable_all_campaigns":false,"_monsterinsights_skip_tracking":false,"_monsterinsights_sitenote_active":false,"_monsterinsights_sitenote_note":"","_monsterinsights_sitenote_category":0,"_uf_show_specific_survey":0,"_uf_disable_surveys":false},"product_cat":[34],"product_tag":[],"aioseo_notices":[],"jetpack_sharing_enabled":true,"_links":{"self":[{"href":"https:\/\/casadolivreiro.pt\/index.php\/wp-json\/wp\/v2\/product\/4959"}],"collection":[{"href":"https:\/\/casadolivreiro.pt\/index.php\/wp-json\/wp\/v2\/product"}],"about":[{"href":"https:\/\/casadolivreiro.pt\/index.php\/wp-json\/wp\/v2\/types\/product"}],"replies":[{"embeddable":true,"href":"https:\/\/casadolivreiro.pt\/index.php\/wp-json\/wp\/v2\/comments?post=4959"}],"wp:featuredmedia":[{"embeddable":true,"href":"https:\/\/casadolivreiro.pt\/index.php\/wp-json\/wp\/v2\/media\/4960"}],"wp:attachment":[{"href":"https:\/\/casadolivreiro.pt\/index.php\/wp-json\/wp\/v2\/media?parent=4959"}],"wp:term":[{"taxonomy":"product_cat","embeddable":true,"href":"https:\/\/casadolivreiro.pt\/index.php\/wp-json\/wp\/v2\/product_cat?post=4959"},{"taxonomy":"product_tag","embeddable":true,"href":"https:\/\/casadolivreiro.pt\/index.php\/wp-json\/wp\/v2\/product_tag?post=4959"}],"curies":[{"name":"wp","href":"https:\/\/api.w.org\/{rel}","templated":true}]}}