{"id":4953,"date":"2025-04-22T17:24:01","date_gmt":"2025-04-22T17:24:01","guid":{"rendered":"https:\/\/casadolivreiro.pt\/?post_type=product&#038;p=4953"},"modified":"2025-04-22T17:24:01","modified_gmt":"2025-04-22T17:24:01","slug":"as-miudas-e-que-sabem-kerri-strug","status":"publish","type":"product","link":"https:\/\/casadolivreiro.pt\/index.php\/product\/as-miudas-e-que-sabem-kerri-strug\/","title":{"rendered":"AS MI\u00daDAS \u00c9 QUE SABEM!  &#8211; Kerri Strug"},"content":{"rendered":"<p>AS MI\u00daDAS \u00c9 QUE SABEM!\u00a0 &#8211; Kerri Strug<\/p>\n<p>Tradu\u00e7\u00e3o de Elsa Bot\u00e3o Alves<\/p>\n<p>Ano de edi\u00e7\u00e3o:\u00a0 2002<\/p>\n<p>Editor: Gradiva, Lisboa<\/p>\n<p>Idioma: Portugu\u00eas<\/p>\n<p>Dimens\u00f5es: 13 x 1.4 x 19.8<\/p>\n<p>Encaderna\u00e7\u00e3o: capa mole<\/p>\n<p>P\u00e1ginas: 194<\/p>\n","protected":false},"excerpt":{"rendered":"<p>AS MI\u00daDAS \u00c9 QUE SABEM!\u00a0 &#8211; Kerri Strug Tradu\u00e7\u00e3o de Elsa Bot\u00e3o Alves Ano de edi\u00e7\u00e3o:\u00a0 2002 Editor: Gradiva, Lisboa Idioma: Portugu\u00eas Dimens\u00f5es: 13 x 1.4 x 19.8 Encaderna\u00e7\u00e3o: capa mole P\u00e1ginas: 194<\/p>\n","protected":false},"featured_media":4954,"comment_status":"open","ping_status":"closed","template":"","meta":{"om_disable_all_campaigns":false,"_monsterinsights_skip_tracking":false,"_monsterinsights_sitenote_active":false,"_monsterinsights_sitenote_note":"","_monsterinsights_sitenote_category":0,"_uf_show_specific_survey":0,"_uf_disable_surveys":false},"product_cat":[34],"product_tag":[],"aioseo_notices":[],"jetpack_sharing_enabled":true,"_links":{"self":[{"href":"https:\/\/casadolivreiro.pt\/index.php\/wp-json\/wp\/v2\/product\/4953"}],"collection":[{"href":"https:\/\/casadolivreiro.pt\/index.php\/wp-json\/wp\/v2\/product"}],"about":[{"href":"https:\/\/casadolivreiro.pt\/index.php\/wp-json\/wp\/v2\/types\/product"}],"replies":[{"embeddable":true,"href":"https:\/\/casadolivreiro.pt\/index.php\/wp-json\/wp\/v2\/comments?post=4953"}],"wp:featuredmedia":[{"embeddable":true,"href":"https:\/\/casadolivreiro.pt\/index.php\/wp-json\/wp\/v2\/media\/4954"}],"wp:attachment":[{"href":"https:\/\/casadolivreiro.pt\/index.php\/wp-json\/wp\/v2\/media?parent=4953"}],"wp:term":[{"taxonomy":"product_cat","embeddable":true,"href":"https:\/\/casadolivreiro.pt\/index.php\/wp-json\/wp\/v2\/product_cat?post=4953"},{"taxonomy":"product_tag","embeddable":true,"href":"https:\/\/casadolivreiro.pt\/index.php\/wp-json\/wp\/v2\/product_tag?post=4953"}],"curies":[{"name":"wp","href":"https:\/\/api.w.org\/{rel}","templated":true}]}}