{"id":4949,"date":"2025-04-22T17:12:37","date_gmt":"2025-04-22T17:12:37","guid":{"rendered":"https:\/\/casadolivreiro.pt\/?post_type=product&#038;p=4949"},"modified":"2025-04-22T17:12:37","modified_gmt":"2025-04-22T17:12:37","slug":"inspector-petina-dentes-assassinos-carlos-portela","status":"publish","type":"product","link":"https:\/\/casadolivreiro.pt\/index.php\/product\/inspector-petina-dentes-assassinos-carlos-portela\/","title":{"rendered":"INSPECTOR PETINA: DENTES ASSASSINOS \u2013 Carlos Portela"},"content":{"rendered":"<p>INSPECTOR PETINA: DENTES ASSASSINOS \u2013 Carlos Portela<\/p>\n<p>Ano de edi\u00e7\u00e3o:\u00a0 2000<\/p>\n<p>Editor: Editora do Agreste<\/p>\n<p>Idioma: Portugu\u00eas<\/p>\n<p>Dimens\u00f5es: 15 x 0.6 x 21<\/p>\n<p>Encaderna\u00e7\u00e3o: capa mole<\/p>\n<p>P\u00e1ginas: 56<\/p>\n","protected":false},"excerpt":{"rendered":"<p>INSPECTOR PETINA: DENTES ASSASSINOS \u2013 Carlos Portela Ano de edi\u00e7\u00e3o:\u00a0 2000 Editor: Editora do Agreste Idioma: Portugu\u00eas Dimens\u00f5es: 15 x 0.6 x 21 Encaderna\u00e7\u00e3o: capa mole P\u00e1ginas: 56<\/p>\n","protected":false},"featured_media":4950,"comment_status":"open","ping_status":"closed","template":"","meta":{"om_disable_all_campaigns":false,"_monsterinsights_skip_tracking":false,"_monsterinsights_sitenote_active":false,"_monsterinsights_sitenote_note":"","_monsterinsights_sitenote_category":0,"_uf_show_specific_survey":0,"_uf_disable_surveys":false},"product_cat":[34,44],"product_tag":[],"aioseo_notices":[],"jetpack_sharing_enabled":true,"_links":{"self":[{"href":"https:\/\/casadolivreiro.pt\/index.php\/wp-json\/wp\/v2\/product\/4949"}],"collection":[{"href":"https:\/\/casadolivreiro.pt\/index.php\/wp-json\/wp\/v2\/product"}],"about":[{"href":"https:\/\/casadolivreiro.pt\/index.php\/wp-json\/wp\/v2\/types\/product"}],"replies":[{"embeddable":true,"href":"https:\/\/casadolivreiro.pt\/index.php\/wp-json\/wp\/v2\/comments?post=4949"}],"wp:featuredmedia":[{"embeddable":true,"href":"https:\/\/casadolivreiro.pt\/index.php\/wp-json\/wp\/v2\/media\/4950"}],"wp:attachment":[{"href":"https:\/\/casadolivreiro.pt\/index.php\/wp-json\/wp\/v2\/media?parent=4949"}],"wp:term":[{"taxonomy":"product_cat","embeddable":true,"href":"https:\/\/casadolivreiro.pt\/index.php\/wp-json\/wp\/v2\/product_cat?post=4949"},{"taxonomy":"product_tag","embeddable":true,"href":"https:\/\/casadolivreiro.pt\/index.php\/wp-json\/wp\/v2\/product_tag?post=4949"}],"curies":[{"name":"wp","href":"https:\/\/api.w.org\/{rel}","templated":true}]}}