{"id":4935,"date":"2025-04-18T19:20:57","date_gmt":"2025-04-18T19:20:57","guid":{"rendered":"https:\/\/casadolivreiro.pt\/?post_type=product&#038;p=4935"},"modified":"2025-04-18T19:20:57","modified_gmt":"2025-04-18T19:20:57","slug":"homens-e-mulheres-do-outro-mundo-brad-steiger","status":"publish","type":"product","link":"https:\/\/casadolivreiro.pt\/index.php\/product\/homens-e-mulheres-do-outro-mundo-brad-steiger\/","title":{"rendered":"HOMENS E MULHERES DO OUTRO MUNDO \u2013 Brad Steiger"},"content":{"rendered":"<p>HOMENS E MULHERES DO OUTRO MUNDO \u2013 Brad Steiger<\/p>\n<p>Colec\u00e7\u00e3o Realidade Fant\u00e1stica<\/p>\n<p>Tradu\u00e7\u00e3o de Clara D\u2019Oli<\/p>\n<p>Ano de edi\u00e7\u00e3o:\u00a0 1979, 1.\u00aa edi\u00e7\u00e3o<\/p>\n<p>Editor: Edi\u00e7\u00f5es Portugal Press, Lisboa<\/p>\n<p>Idioma: Portugu\u00eas<\/p>\n<p>Dimens\u00f5es: 14 x 0.8 x 21<\/p>\n<p>Encaderna\u00e7\u00e3o: capa mole<\/p>\n<p>P\u00e1ginas: 144<\/p>\n","protected":false},"excerpt":{"rendered":"<p>HOMENS E MULHERES DO OUTRO MUNDO \u2013 Brad Steiger Colec\u00e7\u00e3o Realidade Fant\u00e1stica Tradu\u00e7\u00e3o de Clara D\u2019Oli Ano de edi\u00e7\u00e3o:\u00a0 1979, 1.\u00aa edi\u00e7\u00e3o Editor: Edi\u00e7\u00f5es Portugal Press, Lisboa Idioma: Portugu\u00eas Dimens\u00f5es: 14 x 0.8 x 21 Encaderna\u00e7\u00e3o: capa mole P\u00e1ginas: 144<\/p>\n","protected":false},"featured_media":4936,"comment_status":"open","ping_status":"closed","template":"","meta":{"om_disable_all_campaigns":false,"_monsterinsights_skip_tracking":false,"_monsterinsights_sitenote_active":false,"_monsterinsights_sitenote_note":"","_monsterinsights_sitenote_category":0,"_uf_show_specific_survey":0,"_uf_disable_surveys":false},"product_cat":[44],"product_tag":[],"aioseo_notices":[],"jetpack_sharing_enabled":true,"_links":{"self":[{"href":"https:\/\/casadolivreiro.pt\/index.php\/wp-json\/wp\/v2\/product\/4935"}],"collection":[{"href":"https:\/\/casadolivreiro.pt\/index.php\/wp-json\/wp\/v2\/product"}],"about":[{"href":"https:\/\/casadolivreiro.pt\/index.php\/wp-json\/wp\/v2\/types\/product"}],"replies":[{"embeddable":true,"href":"https:\/\/casadolivreiro.pt\/index.php\/wp-json\/wp\/v2\/comments?post=4935"}],"wp:featuredmedia":[{"embeddable":true,"href":"https:\/\/casadolivreiro.pt\/index.php\/wp-json\/wp\/v2\/media\/4936"}],"wp:attachment":[{"href":"https:\/\/casadolivreiro.pt\/index.php\/wp-json\/wp\/v2\/media?parent=4935"}],"wp:term":[{"taxonomy":"product_cat","embeddable":true,"href":"https:\/\/casadolivreiro.pt\/index.php\/wp-json\/wp\/v2\/product_cat?post=4935"},{"taxonomy":"product_tag","embeddable":true,"href":"https:\/\/casadolivreiro.pt\/index.php\/wp-json\/wp\/v2\/product_tag?post=4935"}],"curies":[{"name":"wp","href":"https:\/\/api.w.org\/{rel}","templated":true}]}}