{"id":4930,"date":"2025-04-18T18:09:42","date_gmt":"2025-04-18T18:09:42","guid":{"rendered":"https:\/\/casadolivreiro.pt\/?post_type=product&#038;p=4930"},"modified":"2025-04-18T18:09:42","modified_gmt":"2025-04-18T18:09:42","slug":"a-prova-teorica-alexandre-campos","status":"publish","type":"product","link":"https:\/\/casadolivreiro.pt\/index.php\/product\/a-prova-teorica-alexandre-campos\/","title":{"rendered":"A PROVA TE\u00d3RICA \u2013 Alexandre Campos"},"content":{"rendered":"<p>A PROVA TE\u00d3RICA \u2013 Alexandre Campos<\/p>\n<p>Ano de edi\u00e7\u00e3o:\u00a0 1987<\/p>\n<p>Editor: Editorial A. Campos, Lda.<\/p>\n<p>Idioma: Portugu\u00eas<\/p>\n<p>Dimens\u00f5es: 14.5 x 1.2 x 20.7<\/p>\n<p>Encaderna\u00e7\u00e3o: capa mole<\/p>\n<p>P\u00e1ginas: 214<\/p>\n","protected":false},"excerpt":{"rendered":"<p>A PROVA TE\u00d3RICA \u2013 Alexandre Campos Ano de edi\u00e7\u00e3o:\u00a0 1987 Editor: Editorial A. Campos, Lda. Idioma: Portugu\u00eas Dimens\u00f5es: 14.5 x 1.2 x 20.7 Encaderna\u00e7\u00e3o: capa mole P\u00e1ginas: 214<\/p>\n","protected":false},"featured_media":4931,"comment_status":"open","ping_status":"closed","template":"","meta":{"om_disable_all_campaigns":false,"_monsterinsights_skip_tracking":false,"_monsterinsights_sitenote_active":false,"_monsterinsights_sitenote_note":"","_monsterinsights_sitenote_category":0,"_uf_show_specific_survey":0,"_uf_disable_surveys":false},"product_cat":[66],"product_tag":[],"aioseo_notices":[],"jetpack_sharing_enabled":true,"_links":{"self":[{"href":"https:\/\/casadolivreiro.pt\/index.php\/wp-json\/wp\/v2\/product\/4930"}],"collection":[{"href":"https:\/\/casadolivreiro.pt\/index.php\/wp-json\/wp\/v2\/product"}],"about":[{"href":"https:\/\/casadolivreiro.pt\/index.php\/wp-json\/wp\/v2\/types\/product"}],"replies":[{"embeddable":true,"href":"https:\/\/casadolivreiro.pt\/index.php\/wp-json\/wp\/v2\/comments?post=4930"}],"wp:featuredmedia":[{"embeddable":true,"href":"https:\/\/casadolivreiro.pt\/index.php\/wp-json\/wp\/v2\/media\/4931"}],"wp:attachment":[{"href":"https:\/\/casadolivreiro.pt\/index.php\/wp-json\/wp\/v2\/media?parent=4930"}],"wp:term":[{"taxonomy":"product_cat","embeddable":true,"href":"https:\/\/casadolivreiro.pt\/index.php\/wp-json\/wp\/v2\/product_cat?post=4930"},{"taxonomy":"product_tag","embeddable":true,"href":"https:\/\/casadolivreiro.pt\/index.php\/wp-json\/wp\/v2\/product_tag?post=4930"}],"curies":[{"name":"wp","href":"https:\/\/api.w.org\/{rel}","templated":true}]}}