{"id":4926,"date":"2025-04-18T17:50:34","date_gmt":"2025-04-18T17:50:34","guid":{"rendered":"https:\/\/casadolivreiro.pt\/?post_type=product&#038;p=4926"},"modified":"2025-04-18T17:50:34","modified_gmt":"2025-04-18T17:50:34","slug":"pintura-de-interiores-e-outras-aplicacoes-rudolf-horstmann","status":"publish","type":"product","link":"https:\/\/casadolivreiro.pt\/index.php\/product\/pintura-de-interiores-e-outras-aplicacoes-rudolf-horstmann\/","title":{"rendered":"PINTURA DE INTERIORES E OUTRAS APLICA\u00c7\u00d5ES \u2013 Rudolf Horstmann"},"content":{"rendered":"<p>PINTURA DE INTERIORES E OUTRAS APLICA\u00c7\u00d5ES \u2013 Rudolf Horstmann<\/p>\n<p>Colec\u00e7\u00e3o Habitat #2<\/p>\n<p>Tradu\u00e7\u00e3o de Maria do Carmo Cary<\/p>\n<p>Ano de edi\u00e7\u00e3o:\u00a0 1977<\/p>\n<p>Editor: Presen\u00e7a<\/p>\n<p>Idioma: Portugu\u00eas<\/p>\n<p>Dimens\u00f5es: 15 x 0.9 x 20.5<\/p>\n<p>Encaderna\u00e7\u00e3o: capa mole<\/p>\n<p>P\u00e1ginas: 108<\/p>\n","protected":false},"excerpt":{"rendered":"<p>PINTURA DE INTERIORES E OUTRAS APLICA\u00c7\u00d5ES \u2013 Rudolf Horstmann Colec\u00e7\u00e3o Habitat #2 Tradu\u00e7\u00e3o de Maria do Carmo Cary Ano de edi\u00e7\u00e3o:\u00a0 1977 Editor: Presen\u00e7a Idioma: Portugu\u00eas Dimens\u00f5es: 15 x 0.9 x 20.5 Encaderna\u00e7\u00e3o: capa mole P\u00e1ginas: 108<\/p>\n","protected":false},"featured_media":4927,"comment_status":"open","ping_status":"closed","template":"","meta":{"om_disable_all_campaigns":false,"_monsterinsights_skip_tracking":false,"_monsterinsights_sitenote_active":false,"_monsterinsights_sitenote_note":"","_monsterinsights_sitenote_category":0,"_uf_show_specific_survey":0,"_uf_disable_surveys":false},"product_cat":[66],"product_tag":[],"aioseo_notices":[],"jetpack_sharing_enabled":true,"_links":{"self":[{"href":"https:\/\/casadolivreiro.pt\/index.php\/wp-json\/wp\/v2\/product\/4926"}],"collection":[{"href":"https:\/\/casadolivreiro.pt\/index.php\/wp-json\/wp\/v2\/product"}],"about":[{"href":"https:\/\/casadolivreiro.pt\/index.php\/wp-json\/wp\/v2\/types\/product"}],"replies":[{"embeddable":true,"href":"https:\/\/casadolivreiro.pt\/index.php\/wp-json\/wp\/v2\/comments?post=4926"}],"wp:featuredmedia":[{"embeddable":true,"href":"https:\/\/casadolivreiro.pt\/index.php\/wp-json\/wp\/v2\/media\/4927"}],"wp:attachment":[{"href":"https:\/\/casadolivreiro.pt\/index.php\/wp-json\/wp\/v2\/media?parent=4926"}],"wp:term":[{"taxonomy":"product_cat","embeddable":true,"href":"https:\/\/casadolivreiro.pt\/index.php\/wp-json\/wp\/v2\/product_cat?post=4926"},{"taxonomy":"product_tag","embeddable":true,"href":"https:\/\/casadolivreiro.pt\/index.php\/wp-json\/wp\/v2\/product_tag?post=4926"}],"curies":[{"name":"wp","href":"https:\/\/api.w.org\/{rel}","templated":true}]}}