{"id":4914,"date":"2025-04-18T16:14:46","date_gmt":"2025-04-18T16:14:46","guid":{"rendered":"https:\/\/casadolivreiro.pt\/?post_type=product&#038;p=4914"},"modified":"2025-04-18T16:14:47","modified_gmt":"2025-04-18T16:14:47","slug":"o-rottweiler-joan-blackmore","status":"publish","type":"product","link":"https:\/\/casadolivreiro.pt\/index.php\/product\/o-rottweiler-joan-blackmore\/","title":{"rendered":"O ROTTWEILER \u2013 Joan Blackmore"},"content":{"rendered":"<p>O ROTTWEILER \u2013 Joan Blackmore<\/p>\n<p>Colec\u00e7\u00e3o Habitat<\/p>\n<p>Tradu\u00e7\u00e3o de Maria das Merc\u00eas Peixote<\/p>\n<p>Ano de edi\u00e7\u00e3o:\u00a0 2001<\/p>\n<p>Editor: Editorial Presen\u00e7a, Lisboa<\/p>\n<p>Idioma: Portugu\u00eas<\/p>\n<p>Dimens\u00f5es: 15 x 0.8 x 20.5<\/p>\n<p>Encaderna\u00e7\u00e3o: capa mole<\/p>\n<p>P\u00e1ginas: 131<\/p>\n","protected":false},"excerpt":{"rendered":"<p>O ROTTWEILER \u2013 Joan Blackmore Colec\u00e7\u00e3o Habitat Tradu\u00e7\u00e3o de Maria das Merc\u00eas Peixote Ano de edi\u00e7\u00e3o:\u00a0 2001 Editor: Editorial Presen\u00e7a, Lisboa Idioma: Portugu\u00eas Dimens\u00f5es: 15 x 0.8 x 20.5 Encaderna\u00e7\u00e3o: capa mole P\u00e1ginas: 131<\/p>\n","protected":false},"featured_media":4915,"comment_status":"open","ping_status":"closed","template":"","meta":{"om_disable_all_campaigns":false,"_monsterinsights_skip_tracking":false,"_monsterinsights_sitenote_active":false,"_monsterinsights_sitenote_note":"","_monsterinsights_sitenote_category":0,"_uf_show_specific_survey":0,"_uf_disable_surveys":false},"product_cat":[66],"product_tag":[],"aioseo_notices":[],"jetpack_sharing_enabled":true,"_links":{"self":[{"href":"https:\/\/casadolivreiro.pt\/index.php\/wp-json\/wp\/v2\/product\/4914"}],"collection":[{"href":"https:\/\/casadolivreiro.pt\/index.php\/wp-json\/wp\/v2\/product"}],"about":[{"href":"https:\/\/casadolivreiro.pt\/index.php\/wp-json\/wp\/v2\/types\/product"}],"replies":[{"embeddable":true,"href":"https:\/\/casadolivreiro.pt\/index.php\/wp-json\/wp\/v2\/comments?post=4914"}],"wp:featuredmedia":[{"embeddable":true,"href":"https:\/\/casadolivreiro.pt\/index.php\/wp-json\/wp\/v2\/media\/4915"}],"wp:attachment":[{"href":"https:\/\/casadolivreiro.pt\/index.php\/wp-json\/wp\/v2\/media?parent=4914"}],"wp:term":[{"taxonomy":"product_cat","embeddable":true,"href":"https:\/\/casadolivreiro.pt\/index.php\/wp-json\/wp\/v2\/product_cat?post=4914"},{"taxonomy":"product_tag","embeddable":true,"href":"https:\/\/casadolivreiro.pt\/index.php\/wp-json\/wp\/v2\/product_tag?post=4914"}],"curies":[{"name":"wp","href":"https:\/\/api.w.org\/{rel}","templated":true}]}}