{"id":4908,"date":"2025-04-18T16:02:40","date_gmt":"2025-04-18T16:02:40","guid":{"rendered":"https:\/\/casadolivreiro.pt\/?post_type=product&#038;p=4908"},"modified":"2025-04-18T16:02:40","modified_gmt":"2025-04-18T16:02:40","slug":"mini-biblioteca-formacao-desportiva-no-ensino-primario-7-volumes","status":"publish","type":"product","link":"https:\/\/casadolivreiro.pt\/index.php\/product\/mini-biblioteca-formacao-desportiva-no-ensino-primario-7-volumes\/","title":{"rendered":"MINI BIBLIOTECA: FORMA\u00c7\u00c3O DESPORTIVA NO ENSINO PRIM\u00c1RIO, 7 volumes"},"content":{"rendered":"<p>MINI BIBLIOTECA: FORMA\u00c7\u00c3O DESPORTIVA NO ENSINO PRIM\u00c1RIO, 7 volumes<\/p>\n<p>Ano de edi\u00e7\u00e3o: 1975<\/p>\n<p>Editor: Minist\u00e9rio da Educa\u00e7\u00e3o e Investiga\u00e7\u00e3o Cient\u00edfica. Secretaria de Estado dos Desportos e Ac\u00e7\u00e3o Social Escolar. Direc\u00e7\u00e3o Geral dos Desportos.<\/p>\n<p>Acondicionados em caixa do editor. Profusamente ilustrados no texto. Cada volume tem os seguimtes t\u00edtulos: \u00abO desporto na actual sociedade Portuguesa\u00bb, \u00abJogos Educativos\u00bb, \u00abPapel Social do Desporto\u00bb, \u00abInicia\u00e7\u00e3o ao atletismo\u00bb, \u00abInicia\u00e7\u00e3o \u00e0 Gin\u00e1stica\u00bb, \u00abMini Desportos Colectivos\u00bb, \u00abGin\u00e1stica um Jogo\u00bb.<\/p>\n<p>Idioma: Portugu\u00eas<\/p>\n<p>Dimens\u00f5es: 14.5 x 4 x 20.5<\/p>\n<p>Encaderna\u00e7\u00e3o: capa mole<\/p>\n<p>P\u00e1ginas: 57 [i], 86 [ii], 70 [ii], 71 [iv], 58 [v], 182 [vi] e 66 p\u00e1ginas<\/p>\n","protected":false},"excerpt":{"rendered":"<p>MINI BIBLIOTECA: FORMA\u00c7\u00c3O DESPORTIVA NO ENSINO PRIM\u00c1RIO, 7 volumes Ano de edi\u00e7\u00e3o: 1975 Editor: Minist\u00e9rio da Educa\u00e7\u00e3o e Investiga\u00e7\u00e3o Cient\u00edfica. Secretaria de Estado dos Desportos e Ac\u00e7\u00e3o Social Escolar. Direc\u00e7\u00e3o Geral dos Desportos. Acondicionados em caixa do editor. Profusamente ilustrados no texto. Cada volume tem os seguimtes t\u00edtulos: \u00abO desporto na actual sociedade Portuguesa\u00bb, \u00abJogos [&hellip;]<\/p>\n","protected":false},"featured_media":4909,"comment_status":"open","ping_status":"closed","template":"","meta":{"om_disable_all_campaigns":false,"_monsterinsights_skip_tracking":false,"_monsterinsights_sitenote_active":false,"_monsterinsights_sitenote_note":"","_monsterinsights_sitenote_category":0,"_uf_show_specific_survey":0,"_uf_disable_surveys":false},"product_cat":[47,39],"product_tag":[],"aioseo_notices":[],"jetpack_sharing_enabled":true,"_links":{"self":[{"href":"https:\/\/casadolivreiro.pt\/index.php\/wp-json\/wp\/v2\/product\/4908"}],"collection":[{"href":"https:\/\/casadolivreiro.pt\/index.php\/wp-json\/wp\/v2\/product"}],"about":[{"href":"https:\/\/casadolivreiro.pt\/index.php\/wp-json\/wp\/v2\/types\/product"}],"replies":[{"embeddable":true,"href":"https:\/\/casadolivreiro.pt\/index.php\/wp-json\/wp\/v2\/comments?post=4908"}],"wp:featuredmedia":[{"embeddable":true,"href":"https:\/\/casadolivreiro.pt\/index.php\/wp-json\/wp\/v2\/media\/4909"}],"wp:attachment":[{"href":"https:\/\/casadolivreiro.pt\/index.php\/wp-json\/wp\/v2\/media?parent=4908"}],"wp:term":[{"taxonomy":"product_cat","embeddable":true,"href":"https:\/\/casadolivreiro.pt\/index.php\/wp-json\/wp\/v2\/product_cat?post=4908"},{"taxonomy":"product_tag","embeddable":true,"href":"https:\/\/casadolivreiro.pt\/index.php\/wp-json\/wp\/v2\/product_tag?post=4908"}],"curies":[{"name":"wp","href":"https:\/\/api.w.org\/{rel}","templated":true}]}}