{"id":490,"date":"2024-03-13T14:38:09","date_gmt":"2024-03-13T14:38:09","guid":{"rendered":"https:\/\/casadolivreiro.pt\/?post_type=product&#038;p=490"},"modified":"2024-03-13T14:48:15","modified_gmt":"2024-03-13T14:48:15","slug":"langenscheidts-grosworterbuch-deutsch-als-fremdsprache-das-einsprachige-worterbuch-fur-alle-die-deutsch-lernen","status":"publish","type":"product","link":"https:\/\/casadolivreiro.pt\/index.php\/product\/langenscheidts-grosworterbuch-deutsch-als-fremdsprache-das-einsprachige-worterbuch-fur-alle-die-deutsch-lernen\/","title":{"rendered":"LANGENSCHEIDTS GROSW\u00d6RTERBUCH: DEUTSCH ALS FREMDSPRACHE Das einsprachige W\u00f6rterbuch f\u00fcr alle, die Deutsch lernen"},"content":{"rendered":"<p>LANGENSCHEIDTS GROSW\u00d6RTERBUCH: DEUTSCH ALS FREMDSPRACHE<br \/>\nDas einsprachige W\u00f6rterbuch f\u00fcr alle, die Deutsch lernen<br \/>\nISBN: 3-468-96700-4<br \/>\nEditor: Neubearbeitung<br \/>\nData de Lan\u00e7amento: 2002 ( 5. Auflage)<br \/>\nIdioma:\u00a0 Alem\u00e3o<br \/>\nDimens\u00f5es: 15 x 5 x 21.5 cm<br \/>\nEncaderna\u00e7\u00e3o: Capa mole<br \/>\nP\u00e1ginas: 1216<\/p>\n","protected":false},"excerpt":{"rendered":"<p>LANGENSCHEIDTS GROSW\u00d6RTERBUCH: DEUTSCH ALS FREMDSPRACHE Das einsprachige W\u00f6rterbuch f\u00fcr alle, die Deutsch lernen ISBN: 3-468-96700-4 Editor: Neubearbeitung Data de Lan\u00e7amento: 2002 ( 5. Auflage) Idioma:\u00a0 Alem\u00e3o Dimens\u00f5es: 15 x 5 x 21.5 cm Encaderna\u00e7\u00e3o: Capa mole P\u00e1ginas: 1216<\/p>\n","protected":false},"featured_media":491,"comment_status":"open","ping_status":"closed","template":"","meta":{"om_disable_all_campaigns":false,"_monsterinsights_skip_tracking":false,"_monsterinsights_sitenote_active":false,"_monsterinsights_sitenote_note":"","_monsterinsights_sitenote_category":0,"_uf_show_specific_survey":0,"_uf_disable_surveys":false},"product_cat":[45,58],"product_tag":[],"aioseo_notices":[],"jetpack_sharing_enabled":true,"_links":{"self":[{"href":"https:\/\/casadolivreiro.pt\/index.php\/wp-json\/wp\/v2\/product\/490"}],"collection":[{"href":"https:\/\/casadolivreiro.pt\/index.php\/wp-json\/wp\/v2\/product"}],"about":[{"href":"https:\/\/casadolivreiro.pt\/index.php\/wp-json\/wp\/v2\/types\/product"}],"replies":[{"embeddable":true,"href":"https:\/\/casadolivreiro.pt\/index.php\/wp-json\/wp\/v2\/comments?post=490"}],"wp:featuredmedia":[{"embeddable":true,"href":"https:\/\/casadolivreiro.pt\/index.php\/wp-json\/wp\/v2\/media\/491"}],"wp:attachment":[{"href":"https:\/\/casadolivreiro.pt\/index.php\/wp-json\/wp\/v2\/media?parent=490"}],"wp:term":[{"taxonomy":"product_cat","embeddable":true,"href":"https:\/\/casadolivreiro.pt\/index.php\/wp-json\/wp\/v2\/product_cat?post=490"},{"taxonomy":"product_tag","embeddable":true,"href":"https:\/\/casadolivreiro.pt\/index.php\/wp-json\/wp\/v2\/product_tag?post=490"}],"curies":[{"name":"wp","href":"https:\/\/api.w.org\/{rel}","templated":true}]}}