{"id":4897,"date":"2025-04-18T15:21:14","date_gmt":"2025-04-18T15:21:14","guid":{"rendered":"https:\/\/casadolivreiro.pt\/?post_type=product&#038;p=4897"},"modified":"2025-04-18T15:21:14","modified_gmt":"2025-04-18T15:21:14","slug":"abc-do-xadrez-petar-trifunovitch-e-sava-vukovitch","status":"publish","type":"product","link":"https:\/\/casadolivreiro.pt\/index.php\/product\/abc-do-xadrez-petar-trifunovitch-e-sava-vukovitch\/","title":{"rendered":"ABC DO XADREZ \u2013 Petar Trifunovitch e Sava Vukovitch"},"content":{"rendered":"<p>ABC DO XADREZ \u2013 Petar Trifunovitch e Sava Vukovitch<\/p>\n<p>Colec\u00e7\u00e3o Cultura e Tempos Livres\u00a0 #1<\/p>\n<p>Tradu\u00e7\u00e3o de Joaquim Dur\u00e3o<\/p>\n<p>Ano de edi\u00e7\u00e3o:\u00a0 1978<\/p>\n<p>Editor: Editorial Presen\u00e7a, Lisboa<\/p>\n<p>Idioma: Portugu\u00eas<\/p>\n<p>Dimens\u00f5es: 12.1 x 1.3 x 18.5<\/p>\n<p>Encaderna\u00e7\u00e3o: capa mole<\/p>\n<p>P\u00e1ginas: 177<\/p>\n","protected":false},"excerpt":{"rendered":"<p>ABC DO XADREZ \u2013 Petar Trifunovitch e Sava Vukovitch Colec\u00e7\u00e3o Cultura e Tempos Livres\u00a0 #1 Tradu\u00e7\u00e3o de Joaquim Dur\u00e3o Ano de edi\u00e7\u00e3o:\u00a0 1978 Editor: Editorial Presen\u00e7a, Lisboa Idioma: Portugu\u00eas Dimens\u00f5es: 12.1 x 1.3 x 18.5 Encaderna\u00e7\u00e3o: capa mole P\u00e1ginas: 177<\/p>\n","protected":false},"featured_media":4898,"comment_status":"open","ping_status":"closed","template":"","meta":{"om_disable_all_campaigns":false,"_monsterinsights_skip_tracking":false,"_monsterinsights_sitenote_active":false,"_monsterinsights_sitenote_note":"","_monsterinsights_sitenote_category":0,"_uf_show_specific_survey":0,"_uf_disable_surveys":false},"product_cat":[59,62,66],"product_tag":[],"aioseo_notices":[],"jetpack_sharing_enabled":true,"_links":{"self":[{"href":"https:\/\/casadolivreiro.pt\/index.php\/wp-json\/wp\/v2\/product\/4897"}],"collection":[{"href":"https:\/\/casadolivreiro.pt\/index.php\/wp-json\/wp\/v2\/product"}],"about":[{"href":"https:\/\/casadolivreiro.pt\/index.php\/wp-json\/wp\/v2\/types\/product"}],"replies":[{"embeddable":true,"href":"https:\/\/casadolivreiro.pt\/index.php\/wp-json\/wp\/v2\/comments?post=4897"}],"wp:featuredmedia":[{"embeddable":true,"href":"https:\/\/casadolivreiro.pt\/index.php\/wp-json\/wp\/v2\/media\/4898"}],"wp:attachment":[{"href":"https:\/\/casadolivreiro.pt\/index.php\/wp-json\/wp\/v2\/media?parent=4897"}],"wp:term":[{"taxonomy":"product_cat","embeddable":true,"href":"https:\/\/casadolivreiro.pt\/index.php\/wp-json\/wp\/v2\/product_cat?post=4897"},{"taxonomy":"product_tag","embeddable":true,"href":"https:\/\/casadolivreiro.pt\/index.php\/wp-json\/wp\/v2\/product_tag?post=4897"}],"curies":[{"name":"wp","href":"https:\/\/api.w.org\/{rel}","templated":true}]}}