{"id":4889,"date":"2025-04-18T14:58:45","date_gmt":"2025-04-18T14:58:45","guid":{"rendered":"https:\/\/casadolivreiro.pt\/?post_type=product&#038;p=4889"},"modified":"2025-04-18T14:58:45","modified_gmt":"2025-04-18T14:58:45","slug":"the-canterville-ghost-and-other-stories-oscar-wilde","status":"publish","type":"product","link":"https:\/\/casadolivreiro.pt\/index.php\/product\/the-canterville-ghost-and-other-stories-oscar-wilde\/","title":{"rendered":"THE CANTERVILLE GHOST and other stories \u2013 Oscar Wilde"},"content":{"rendered":"<p>THE CANTERVILLE GHOST and other stories \u2013 Oscar Wilde<\/p>\n<p>Ano de edi\u00e7\u00e3o:\u00a0 2013<\/p>\n<p>Editor: Richmond Publishing, Oxford<\/p>\n<p>Idioma: Ingl\u00eas<\/p>\n<p>Dimens\u00f5es: 12.7 x 0.4 x 19.7<\/p>\n<p>Encaderna\u00e7\u00e3o: capa mole<\/p>\n<p>P\u00e1ginas: 78<\/p>\n","protected":false},"excerpt":{"rendered":"<p>THE CANTERVILLE GHOST and other stories \u2013 Oscar Wilde Ano de edi\u00e7\u00e3o:\u00a0 2013 Editor: Richmond Publishing, Oxford Idioma: Ingl\u00eas Dimens\u00f5es: 12.7 x 0.4 x 19.7 Encaderna\u00e7\u00e3o: capa mole P\u00e1ginas: 78<\/p>\n","protected":false},"featured_media":4890,"comment_status":"open","ping_status":"closed","template":"","meta":{"om_disable_all_campaigns":false,"_monsterinsights_skip_tracking":false,"_monsterinsights_sitenote_active":false,"_monsterinsights_sitenote_note":"","_monsterinsights_sitenote_category":0,"_uf_show_specific_survey":0,"_uf_disable_surveys":false},"product_cat":[47,45,55],"product_tag":[],"aioseo_notices":[],"jetpack_sharing_enabled":true,"_links":{"self":[{"href":"https:\/\/casadolivreiro.pt\/index.php\/wp-json\/wp\/v2\/product\/4889"}],"collection":[{"href":"https:\/\/casadolivreiro.pt\/index.php\/wp-json\/wp\/v2\/product"}],"about":[{"href":"https:\/\/casadolivreiro.pt\/index.php\/wp-json\/wp\/v2\/types\/product"}],"replies":[{"embeddable":true,"href":"https:\/\/casadolivreiro.pt\/index.php\/wp-json\/wp\/v2\/comments?post=4889"}],"wp:featuredmedia":[{"embeddable":true,"href":"https:\/\/casadolivreiro.pt\/index.php\/wp-json\/wp\/v2\/media\/4890"}],"wp:attachment":[{"href":"https:\/\/casadolivreiro.pt\/index.php\/wp-json\/wp\/v2\/media?parent=4889"}],"wp:term":[{"taxonomy":"product_cat","embeddable":true,"href":"https:\/\/casadolivreiro.pt\/index.php\/wp-json\/wp\/v2\/product_cat?post=4889"},{"taxonomy":"product_tag","embeddable":true,"href":"https:\/\/casadolivreiro.pt\/index.php\/wp-json\/wp\/v2\/product_tag?post=4889"}],"curies":[{"name":"wp","href":"https:\/\/api.w.org\/{rel}","templated":true}]}}