{"id":4887,"date":"2025-04-18T14:10:15","date_gmt":"2025-04-18T14:10:15","guid":{"rendered":"https:\/\/casadolivreiro.pt\/?post_type=product&#038;p=4887"},"modified":"2025-04-18T14:10:15","modified_gmt":"2025-04-18T14:10:15","slug":"guia-de-especies-arvores-do-concelho-de-cascais","status":"publish","type":"product","link":"https:\/\/casadolivreiro.pt\/index.php\/product\/guia-de-especies-arvores-do-concelho-de-cascais\/","title":{"rendered":"GUIA DE ESP\u00c9CIES: \u00c1RVORES DO CONCELHO DE CASCAIS"},"content":{"rendered":"<p>GUIA DE ESP\u00c9CIES: \u00c1RVORES DO CONCELHO DE CASCAIS<\/p>\n<p>Ano de edi\u00e7\u00e3o:<\/p>\n<p>Editor: EMAC, Empresa de Ambiente de Cascais,EM. S.A.<\/p>\n<p>Idioma: Portugu\u00eas<\/p>\n<p>Dimens\u00f5es: 14.8 x 0.5 x 20<\/p>\n<p>Encaderna\u00e7\u00e3o: capa mole<\/p>\n<p>P\u00e1ginas: 46<\/p>\n","protected":false},"excerpt":{"rendered":"<p>GUIA DE ESP\u00c9CIES: \u00c1RVORES DO CONCELHO DE CASCAIS Ano de edi\u00e7\u00e3o: Editor: EMAC, Empresa de Ambiente de Cascais,EM. S.A. Idioma: Portugu\u00eas Dimens\u00f5es: 14.8 x 0.5 x 20 Encaderna\u00e7\u00e3o: capa mole P\u00e1ginas: 46<\/p>\n","protected":false},"featured_media":4888,"comment_status":"open","ping_status":"closed","template":"","meta":{"om_disable_all_campaigns":false,"_monsterinsights_skip_tracking":false,"_monsterinsights_sitenote_active":false,"_monsterinsights_sitenote_note":"","_monsterinsights_sitenote_category":0,"_uf_show_specific_survey":0,"_uf_disable_surveys":false},"product_cat":[50,66],"product_tag":[],"aioseo_notices":[],"jetpack_sharing_enabled":true,"_links":{"self":[{"href":"https:\/\/casadolivreiro.pt\/index.php\/wp-json\/wp\/v2\/product\/4887"}],"collection":[{"href":"https:\/\/casadolivreiro.pt\/index.php\/wp-json\/wp\/v2\/product"}],"about":[{"href":"https:\/\/casadolivreiro.pt\/index.php\/wp-json\/wp\/v2\/types\/product"}],"replies":[{"embeddable":true,"href":"https:\/\/casadolivreiro.pt\/index.php\/wp-json\/wp\/v2\/comments?post=4887"}],"wp:featuredmedia":[{"embeddable":true,"href":"https:\/\/casadolivreiro.pt\/index.php\/wp-json\/wp\/v2\/media\/4888"}],"wp:attachment":[{"href":"https:\/\/casadolivreiro.pt\/index.php\/wp-json\/wp\/v2\/media?parent=4887"}],"wp:term":[{"taxonomy":"product_cat","embeddable":true,"href":"https:\/\/casadolivreiro.pt\/index.php\/wp-json\/wp\/v2\/product_cat?post=4887"},{"taxonomy":"product_tag","embeddable":true,"href":"https:\/\/casadolivreiro.pt\/index.php\/wp-json\/wp\/v2\/product_tag?post=4887"}],"curies":[{"name":"wp","href":"https:\/\/api.w.org\/{rel}","templated":true}]}}