{"id":488,"date":"2024-03-13T14:35:17","date_gmt":"2024-03-13T14:35:17","guid":{"rendered":"https:\/\/casadolivreiro.pt\/?post_type=product&#038;p=488"},"modified":"2024-03-13T14:35:17","modified_gmt":"2024-03-13T14:35:17","slug":"collins-cobuild-grammar-patterns-1-verbs-helping-learners-with-real-english","status":"publish","type":"product","link":"https:\/\/casadolivreiro.pt\/index.php\/product\/collins-cobuild-grammar-patterns-1-verbs-helping-learners-with-real-english\/","title":{"rendered":"COLLINS COBUILD GRAMMAR PATTERNS 1: VERBS &#8211; Helping learners with real English"},"content":{"rendered":"<p>COLLINS COBUILD GRAMMAR PATTERNS 1: VERBS &#8211; Helping learners with real English<br \/>\nThe Cobuild Series from the Bank of England<br \/>\nISBN: 0 00 375051 5<br \/>\nEditor: Harper Collins Publishers, London<br \/>\nData de Lan\u00e7amento: 1996<br \/>\nIdioma:\u00a0 Ingl\u00eas<br \/>\nDimens\u00f5es: 15.7 x 3.1 x 23.4 cm<br \/>\nEncaderna\u00e7\u00e3o: Capa mole<br \/>\nP\u00e1ginas: 650<\/p>\n","protected":false},"excerpt":{"rendered":"<p>COLLINS COBUILD GRAMMAR PATTERNS 1: VERBS &#8211; Helping learners with real English The Cobuild Series from the Bank of England ISBN: 0 00 375051 5 Editor: Harper Collins Publishers, London Data de Lan\u00e7amento: 1996 Idioma:\u00a0 Ingl\u00eas Dimens\u00f5es: 15.7 x 3.1 x 23.4 cm Encaderna\u00e7\u00e3o: Capa mole P\u00e1ginas: 650<\/p>\n","protected":false},"featured_media":489,"comment_status":"open","ping_status":"closed","template":"","meta":{"om_disable_all_campaigns":false,"_monsterinsights_skip_tracking":false,"_monsterinsights_sitenote_active":false,"_monsterinsights_sitenote_note":"","_monsterinsights_sitenote_category":0,"_uf_show_specific_survey":0,"_uf_disable_surveys":false},"product_cat":[45,55],"product_tag":[],"aioseo_notices":[],"jetpack_sharing_enabled":true,"_links":{"self":[{"href":"https:\/\/casadolivreiro.pt\/index.php\/wp-json\/wp\/v2\/product\/488"}],"collection":[{"href":"https:\/\/casadolivreiro.pt\/index.php\/wp-json\/wp\/v2\/product"}],"about":[{"href":"https:\/\/casadolivreiro.pt\/index.php\/wp-json\/wp\/v2\/types\/product"}],"replies":[{"embeddable":true,"href":"https:\/\/casadolivreiro.pt\/index.php\/wp-json\/wp\/v2\/comments?post=488"}],"wp:featuredmedia":[{"embeddable":true,"href":"https:\/\/casadolivreiro.pt\/index.php\/wp-json\/wp\/v2\/media\/489"}],"wp:attachment":[{"href":"https:\/\/casadolivreiro.pt\/index.php\/wp-json\/wp\/v2\/media?parent=488"}],"wp:term":[{"taxonomy":"product_cat","embeddable":true,"href":"https:\/\/casadolivreiro.pt\/index.php\/wp-json\/wp\/v2\/product_cat?post=488"},{"taxonomy":"product_tag","embeddable":true,"href":"https:\/\/casadolivreiro.pt\/index.php\/wp-json\/wp\/v2\/product_tag?post=488"}],"curies":[{"name":"wp","href":"https:\/\/api.w.org\/{rel}","templated":true}]}}