{"id":4875,"date":"2025-04-18T13:27:53","date_gmt":"2025-04-18T13:27:53","guid":{"rendered":"https:\/\/casadolivreiro.pt\/?post_type=product&#038;p=4875"},"modified":"2025-04-18T13:27:53","modified_gmt":"2025-04-18T13:27:53","slug":"o-homem-esse-granda-ponto-nunes-dos-santos","status":"publish","type":"product","link":"https:\/\/casadolivreiro.pt\/index.php\/product\/o-homem-esse-granda-ponto-nunes-dos-santos\/","title":{"rendered":"O HOMEM, ESSE GRANDA PONTO \u2013 Nunes dos Santos"},"content":{"rendered":"<p>O HOMEM, ESSE GRANDA PONTO \u2013 Nunes dos Santos<\/p>\n<p>Colec\u00e7\u00e3o Retalhos<\/p>\n<p>Ano de edi\u00e7\u00e3o:\u00a0 1991<\/p>\n<p>Editor: Edi\u00e7\u00f5es Menabel<\/p>\n<p>Idioma: Portugu\u00eas<\/p>\n<p>Dimens\u00f5es: 14 x 0.4 x 19.9<\/p>\n<p>Encaderna\u00e7\u00e3o: capa mole<\/p>\n<p>P\u00e1ginas: 43<\/p>\n","protected":false},"excerpt":{"rendered":"<p>O HOMEM, ESSE GRANDA PONTO \u2013 Nunes dos Santos Colec\u00e7\u00e3o Retalhos Ano de edi\u00e7\u00e3o:\u00a0 1991 Editor: Edi\u00e7\u00f5es Menabel Idioma: Portugu\u00eas Dimens\u00f5es: 14 x 0.4 x 19.9 Encaderna\u00e7\u00e3o: capa mole P\u00e1ginas: 43<\/p>\n","protected":false},"featured_media":4876,"comment_status":"open","ping_status":"closed","template":"","meta":{"om_disable_all_campaigns":false,"_monsterinsights_skip_tracking":false,"_monsterinsights_sitenote_active":false,"_monsterinsights_sitenote_note":"","_monsterinsights_sitenote_category":0,"_uf_show_specific_survey":0,"_uf_disable_surveys":false},"product_cat":[35,66],"product_tag":[],"aioseo_notices":[],"jetpack_sharing_enabled":true,"_links":{"self":[{"href":"https:\/\/casadolivreiro.pt\/index.php\/wp-json\/wp\/v2\/product\/4875"}],"collection":[{"href":"https:\/\/casadolivreiro.pt\/index.php\/wp-json\/wp\/v2\/product"}],"about":[{"href":"https:\/\/casadolivreiro.pt\/index.php\/wp-json\/wp\/v2\/types\/product"}],"replies":[{"embeddable":true,"href":"https:\/\/casadolivreiro.pt\/index.php\/wp-json\/wp\/v2\/comments?post=4875"}],"wp:featuredmedia":[{"embeddable":true,"href":"https:\/\/casadolivreiro.pt\/index.php\/wp-json\/wp\/v2\/media\/4876"}],"wp:attachment":[{"href":"https:\/\/casadolivreiro.pt\/index.php\/wp-json\/wp\/v2\/media?parent=4875"}],"wp:term":[{"taxonomy":"product_cat","embeddable":true,"href":"https:\/\/casadolivreiro.pt\/index.php\/wp-json\/wp\/v2\/product_cat?post=4875"},{"taxonomy":"product_tag","embeddable":true,"href":"https:\/\/casadolivreiro.pt\/index.php\/wp-json\/wp\/v2\/product_tag?post=4875"}],"curies":[{"name":"wp","href":"https:\/\/api.w.org\/{rel}","templated":true}]}}