{"id":4871,"date":"2025-04-18T13:10:15","date_gmt":"2025-04-18T13:10:15","guid":{"rendered":"https:\/\/casadolivreiro.pt\/?post_type=product&#038;p=4871"},"modified":"2025-04-18T13:10:15","modified_gmt":"2025-04-18T13:10:15","slug":"bem-estar-para-todos-ludwig-erhard","status":"publish","type":"product","link":"https:\/\/casadolivreiro.pt\/index.php\/product\/bem-estar-para-todos-ludwig-erhard\/","title":{"rendered":"BEM-ESTAR PARA TODOS \u2013 Ludwig Erhard"},"content":{"rendered":"<p>BEM-ESTAR PARA TODOS \u2013 Ludwig Erhard<\/p>\n<p>Tradu\u00e7\u00e3o de Ana de Freitas<\/p>\n<p>Ano de edi\u00e7\u00e3o:<\/p>\n<p>Editor: Livraria Bertrand, Lisboa<\/p>\n<p>Idioma: Portugu\u00eas<\/p>\n<p>Dimens\u00f5es: 12.3 x 1.8 x 19<\/p>\n<p>Encaderna\u00e7\u00e3o: capa mole<\/p>\n<p>P\u00e1ginas: 374<\/p>\n","protected":false},"excerpt":{"rendered":"<p>BEM-ESTAR PARA TODOS \u2013 Ludwig Erhard Tradu\u00e7\u00e3o de Ana de Freitas Ano de edi\u00e7\u00e3o: Editor: Livraria Bertrand, Lisboa Idioma: Portugu\u00eas Dimens\u00f5es: 12.3 x 1.8 x 19 Encaderna\u00e7\u00e3o: capa mole P\u00e1ginas: 374<\/p>\n","protected":false},"featured_media":4872,"comment_status":"open","ping_status":"closed","template":"","meta":{"om_disable_all_campaigns":false,"_monsterinsights_skip_tracking":false,"_monsterinsights_sitenote_active":false,"_monsterinsights_sitenote_note":"","_monsterinsights_sitenote_category":0,"_uf_show_specific_survey":0,"_uf_disable_surveys":false},"product_cat":[41,30,51],"product_tag":[],"aioseo_notices":[],"jetpack_sharing_enabled":true,"_links":{"self":[{"href":"https:\/\/casadolivreiro.pt\/index.php\/wp-json\/wp\/v2\/product\/4871"}],"collection":[{"href":"https:\/\/casadolivreiro.pt\/index.php\/wp-json\/wp\/v2\/product"}],"about":[{"href":"https:\/\/casadolivreiro.pt\/index.php\/wp-json\/wp\/v2\/types\/product"}],"replies":[{"embeddable":true,"href":"https:\/\/casadolivreiro.pt\/index.php\/wp-json\/wp\/v2\/comments?post=4871"}],"wp:featuredmedia":[{"embeddable":true,"href":"https:\/\/casadolivreiro.pt\/index.php\/wp-json\/wp\/v2\/media\/4872"}],"wp:attachment":[{"href":"https:\/\/casadolivreiro.pt\/index.php\/wp-json\/wp\/v2\/media?parent=4871"}],"wp:term":[{"taxonomy":"product_cat","embeddable":true,"href":"https:\/\/casadolivreiro.pt\/index.php\/wp-json\/wp\/v2\/product_cat?post=4871"},{"taxonomy":"product_tag","embeddable":true,"href":"https:\/\/casadolivreiro.pt\/index.php\/wp-json\/wp\/v2\/product_tag?post=4871"}],"curies":[{"name":"wp","href":"https:\/\/api.w.org\/{rel}","templated":true}]}}