{"id":4867,"date":"2025-04-18T12:55:40","date_gmt":"2025-04-18T12:55:40","guid":{"rendered":"https:\/\/casadolivreiro.pt\/?post_type=product&#038;p=4867"},"modified":"2025-04-18T12:55:40","modified_gmt":"2025-04-18T12:55:40","slug":"as-formigas-vem-ai-peter-tremayne","status":"publish","type":"product","link":"https:\/\/casadolivreiro.pt\/index.php\/product\/as-formigas-vem-ai-peter-tremayne\/","title":{"rendered":"AS FORMIGAS V\u00caM A\u00cd! \u2013 Peter Tremayne"},"content":{"rendered":"<p>AS FORMIGAS V\u00caM A\u00cd! \u2013 Peter Tremayne<\/p>\n<p>Tradu\u00e7\u00e3o de Ricardo Igl\u00e9sias<\/p>\n<p>Ano de edi\u00e7\u00e3o:<\/p>\n<p>Editor: Europa-Am\u00e9rica<\/p>\n<p>Idioma: Portugu\u00eas<\/p>\n<p>Dimens\u00f5es: 11.5 x 1 x 18<\/p>\n<p>Encaderna\u00e7\u00e3o: capa mole<\/p>\n<p>P\u00e1ginas: 141<\/p>\n","protected":false},"excerpt":{"rendered":"<p>AS FORMIGAS V\u00caM A\u00cd! \u2013 Peter Tremayne Tradu\u00e7\u00e3o de Ricardo Igl\u00e9sias Ano de edi\u00e7\u00e3o: Editor: Europa-Am\u00e9rica Idioma: Portugu\u00eas Dimens\u00f5es: 11.5 x 1 x 18 Encaderna\u00e7\u00e3o: capa mole P\u00e1ginas: 141<\/p>\n","protected":false},"featured_media":4868,"comment_status":"open","ping_status":"closed","template":"","meta":{"om_disable_all_campaigns":false,"_monsterinsights_skip_tracking":false,"_monsterinsights_sitenote_active":false,"_monsterinsights_sitenote_note":"","_monsterinsights_sitenote_category":0,"_uf_show_specific_survey":0,"_uf_disable_surveys":false},"product_cat":[50,66],"product_tag":[],"aioseo_notices":[],"jetpack_sharing_enabled":true,"_links":{"self":[{"href":"https:\/\/casadolivreiro.pt\/index.php\/wp-json\/wp\/v2\/product\/4867"}],"collection":[{"href":"https:\/\/casadolivreiro.pt\/index.php\/wp-json\/wp\/v2\/product"}],"about":[{"href":"https:\/\/casadolivreiro.pt\/index.php\/wp-json\/wp\/v2\/types\/product"}],"replies":[{"embeddable":true,"href":"https:\/\/casadolivreiro.pt\/index.php\/wp-json\/wp\/v2\/comments?post=4867"}],"wp:featuredmedia":[{"embeddable":true,"href":"https:\/\/casadolivreiro.pt\/index.php\/wp-json\/wp\/v2\/media\/4868"}],"wp:attachment":[{"href":"https:\/\/casadolivreiro.pt\/index.php\/wp-json\/wp\/v2\/media?parent=4867"}],"wp:term":[{"taxonomy":"product_cat","embeddable":true,"href":"https:\/\/casadolivreiro.pt\/index.php\/wp-json\/wp\/v2\/product_cat?post=4867"},{"taxonomy":"product_tag","embeddable":true,"href":"https:\/\/casadolivreiro.pt\/index.php\/wp-json\/wp\/v2\/product_tag?post=4867"}],"curies":[{"name":"wp","href":"https:\/\/api.w.org\/{rel}","templated":true}]}}