{"id":4862,"date":"2025-04-18T12:21:48","date_gmt":"2025-04-18T12:21:48","guid":{"rendered":"https:\/\/casadolivreiro.pt\/?post_type=product&#038;p=4862"},"modified":"2025-04-18T12:21:49","modified_gmt":"2025-04-18T12:21:49","slug":"tigres-dos-pantanos-dvd-video","status":"publish","type":"product","link":"https:\/\/casadolivreiro.pt\/index.php\/product\/tigres-dos-pantanos-dvd-video\/","title":{"rendered":"TIGRES DOS P\u00c2NTANOS + DVD VIDEO"},"content":{"rendered":"<p>TIGRES DOS P\u00c2NTANOS + DVD VIDEO<\/p>\n<p>Ano de edi\u00e7\u00e3o:\u00a0 2008<\/p>\n<p>Editor: IMP \/ DVD Vides<\/p>\n<p>Dura\u00e7\u00e3o do document\u00e1rio:\u00a0 50 minutes<\/p>\n<p>Idioma: Portugu\u00eas<\/p>\n<p>Dimens\u00f5es: 13.5 x 0.9 x 19<\/p>\n<p>Encaderna\u00e7\u00e3o: capa dura<\/p>\n<p>P\u00e1ginas: 24<\/p>\n","protected":false},"excerpt":{"rendered":"<p>TIGRES DOS P\u00c2NTANOS + DVD VIDEO Ano de edi\u00e7\u00e3o:\u00a0 2008 Editor: IMP \/ DVD Vides Dura\u00e7\u00e3o do document\u00e1rio:\u00a0 50 minutes Idioma: Portugu\u00eas Dimens\u00f5es: 13.5 x 0.9 x 19 Encaderna\u00e7\u00e3o: capa dura P\u00e1ginas: 24<\/p>\n","protected":false},"featured_media":4863,"comment_status":"open","ping_status":"closed","template":"","meta":{"om_disable_all_campaigns":false,"_monsterinsights_skip_tracking":false,"_monsterinsights_sitenote_active":false,"_monsterinsights_sitenote_note":"","_monsterinsights_sitenote_category":0,"_uf_show_specific_survey":0,"_uf_disable_surveys":false},"product_cat":[50,66],"product_tag":[],"aioseo_notices":[],"jetpack_sharing_enabled":true,"_links":{"self":[{"href":"https:\/\/casadolivreiro.pt\/index.php\/wp-json\/wp\/v2\/product\/4862"}],"collection":[{"href":"https:\/\/casadolivreiro.pt\/index.php\/wp-json\/wp\/v2\/product"}],"about":[{"href":"https:\/\/casadolivreiro.pt\/index.php\/wp-json\/wp\/v2\/types\/product"}],"replies":[{"embeddable":true,"href":"https:\/\/casadolivreiro.pt\/index.php\/wp-json\/wp\/v2\/comments?post=4862"}],"wp:featuredmedia":[{"embeddable":true,"href":"https:\/\/casadolivreiro.pt\/index.php\/wp-json\/wp\/v2\/media\/4863"}],"wp:attachment":[{"href":"https:\/\/casadolivreiro.pt\/index.php\/wp-json\/wp\/v2\/media?parent=4862"}],"wp:term":[{"taxonomy":"product_cat","embeddable":true,"href":"https:\/\/casadolivreiro.pt\/index.php\/wp-json\/wp\/v2\/product_cat?post=4862"},{"taxonomy":"product_tag","embeddable":true,"href":"https:\/\/casadolivreiro.pt\/index.php\/wp-json\/wp\/v2\/product_tag?post=4862"}],"curies":[{"name":"wp","href":"https:\/\/api.w.org\/{rel}","templated":true}]}}