{"id":4852,"date":"2025-04-16T22:42:09","date_gmt":"2025-04-16T22:42:09","guid":{"rendered":"https:\/\/casadolivreiro.pt\/?post_type=product&#038;p=4852"},"modified":"2025-04-16T22:42:09","modified_gmt":"2025-04-16T22:42:09","slug":"desporto-e-motricidade-barbara-knapp","status":"publish","type":"product","link":"https:\/\/casadolivreiro.pt\/index.php\/product\/desporto-e-motricidade-barbara-knapp\/","title":{"rendered":"DESPORTO E MOTRICIDADE \u2013 Barbara Knapp"},"content":{"rendered":"<p>DESPORTO E MOTRICIDADE \u2013 Barbara Knapp<\/p>\n<p>Colec\u00e7\u00e3o Educa\u00e7\u00e3o f\u00edsica e desporto<\/p>\n<p>Tradu\u00e7\u00e3o de\u00a0 Dr.\u00aa Maria Teresa Santos<\/p>\n<p>Ano de edi\u00e7\u00e3o:<\/p>\n<p>Editor: Compendium<\/p>\n<p>Idioma: Portugu\u00eas<\/p>\n<p>Dimens\u00f5es: 13.4 x 1.2 x 21<\/p>\n<p>Encaderna\u00e7\u00e3o: capa mole<\/p>\n","protected":false},"excerpt":{"rendered":"<p>DESPORTO E MOTRICIDADE \u2013 Barbara Knapp Colec\u00e7\u00e3o Educa\u00e7\u00e3o f\u00edsica e desporto Tradu\u00e7\u00e3o de\u00a0 Dr.\u00aa Maria Teresa Santos Ano de edi\u00e7\u00e3o: Editor: Compendium Idioma: Portugu\u00eas Dimens\u00f5es: 13.4 x 1.2 x 21 Encaderna\u00e7\u00e3o: capa mole<\/p>\n","protected":false},"featured_media":4853,"comment_status":"open","ping_status":"closed","template":"","meta":{"om_disable_all_campaigns":false,"_monsterinsights_skip_tracking":false,"_monsterinsights_sitenote_active":false,"_monsterinsights_sitenote_note":"","_monsterinsights_sitenote_category":0,"_uf_show_specific_survey":0,"_uf_disable_surveys":false},"product_cat":[39],"product_tag":[],"aioseo_notices":[],"jetpack_sharing_enabled":true,"_links":{"self":[{"href":"https:\/\/casadolivreiro.pt\/index.php\/wp-json\/wp\/v2\/product\/4852"}],"collection":[{"href":"https:\/\/casadolivreiro.pt\/index.php\/wp-json\/wp\/v2\/product"}],"about":[{"href":"https:\/\/casadolivreiro.pt\/index.php\/wp-json\/wp\/v2\/types\/product"}],"replies":[{"embeddable":true,"href":"https:\/\/casadolivreiro.pt\/index.php\/wp-json\/wp\/v2\/comments?post=4852"}],"wp:featuredmedia":[{"embeddable":true,"href":"https:\/\/casadolivreiro.pt\/index.php\/wp-json\/wp\/v2\/media\/4853"}],"wp:attachment":[{"href":"https:\/\/casadolivreiro.pt\/index.php\/wp-json\/wp\/v2\/media?parent=4852"}],"wp:term":[{"taxonomy":"product_cat","embeddable":true,"href":"https:\/\/casadolivreiro.pt\/index.php\/wp-json\/wp\/v2\/product_cat?post=4852"},{"taxonomy":"product_tag","embeddable":true,"href":"https:\/\/casadolivreiro.pt\/index.php\/wp-json\/wp\/v2\/product_tag?post=4852"}],"curies":[{"name":"wp","href":"https:\/\/api.w.org\/{rel}","templated":true}]}}