{"id":4846,"date":"2025-04-16T22:31:01","date_gmt":"2025-04-16T22:31:01","guid":{"rendered":"https:\/\/casadolivreiro.pt\/?post_type=product&#038;p=4846"},"modified":"2025-04-16T22:31:01","modified_gmt":"2025-04-16T22:31:01","slug":"exploracao-submarina-ken-roscoe","status":"publish","type":"product","link":"https:\/\/casadolivreiro.pt\/index.php\/product\/exploracao-submarina-ken-roscoe\/","title":{"rendered":"EXPLORA\u00c7\u00c3O SUBMARINA \u2013 Ken Roscoe"},"content":{"rendered":"<p>EXPLORA\u00c7\u00c3O SUBMARINA \u2013 Ken Roscoe<\/p>\n<p>S\u00e9rie\u00a0 Prisma<\/p>\n<p>Tradu\u00e7\u00e3o de Fernando de Castro Ferro<\/p>\n<p>Ano de edi\u00e7\u00e3o: 1974<\/p>\n<p>Editor: Edi\u00e7\u00f5es\u00a0 Melhoramentos, Editora da Universidade de S\u00e3o Paulo<\/p>\n<p>Idioma: Portugu\u00eas<\/p>\n<p>Dimens\u00f5es: 10.5 x 1 x 18 cm<\/p>\n<p>Encaderna\u00e7\u00e3o: Capa mole<\/p>\n<p>P\u00e1ginas: 158<\/p>\n","protected":false},"excerpt":{"rendered":"<p>EXPLORA\u00c7\u00c3O SUBMARINA \u2013 Ken Roscoe S\u00e9rie\u00a0 Prisma Tradu\u00e7\u00e3o de Fernando de Castro Ferro Ano de edi\u00e7\u00e3o: 1974 Editor: Edi\u00e7\u00f5es\u00a0 Melhoramentos, Editora da Universidade de S\u00e3o Paulo Idioma: Portugu\u00eas Dimens\u00f5es: 10.5 x 1 x 18 cm Encaderna\u00e7\u00e3o: Capa mole P\u00e1ginas: 158<\/p>\n","protected":false},"featured_media":4847,"comment_status":"open","ping_status":"closed","template":"","meta":{"om_disable_all_campaigns":false,"_monsterinsights_skip_tracking":false,"_monsterinsights_sitenote_active":false,"_monsterinsights_sitenote_note":"","_monsterinsights_sitenote_category":0,"_uf_show_specific_survey":0,"_uf_disable_surveys":false},"product_cat":[32,47,66],"product_tag":[],"aioseo_notices":[],"jetpack_sharing_enabled":true,"_links":{"self":[{"href":"https:\/\/casadolivreiro.pt\/index.php\/wp-json\/wp\/v2\/product\/4846"}],"collection":[{"href":"https:\/\/casadolivreiro.pt\/index.php\/wp-json\/wp\/v2\/product"}],"about":[{"href":"https:\/\/casadolivreiro.pt\/index.php\/wp-json\/wp\/v2\/types\/product"}],"replies":[{"embeddable":true,"href":"https:\/\/casadolivreiro.pt\/index.php\/wp-json\/wp\/v2\/comments?post=4846"}],"wp:featuredmedia":[{"embeddable":true,"href":"https:\/\/casadolivreiro.pt\/index.php\/wp-json\/wp\/v2\/media\/4847"}],"wp:attachment":[{"href":"https:\/\/casadolivreiro.pt\/index.php\/wp-json\/wp\/v2\/media?parent=4846"}],"wp:term":[{"taxonomy":"product_cat","embeddable":true,"href":"https:\/\/casadolivreiro.pt\/index.php\/wp-json\/wp\/v2\/product_cat?post=4846"},{"taxonomy":"product_tag","embeddable":true,"href":"https:\/\/casadolivreiro.pt\/index.php\/wp-json\/wp\/v2\/product_tag?post=4846"}],"curies":[{"name":"wp","href":"https:\/\/api.w.org\/{rel}","templated":true}]}}