{"id":484,"date":"2024-03-13T13:57:27","date_gmt":"2024-03-13T13:57:27","guid":{"rendered":"https:\/\/casadolivreiro.pt\/?post_type=product&#038;p=484"},"modified":"2024-03-13T13:57:27","modified_gmt":"2024-03-13T13:57:27","slug":"dicionario-completo-lingua-portuguesa-tomo-i","status":"publish","type":"product","link":"https:\/\/casadolivreiro.pt\/index.php\/product\/dicionario-completo-lingua-portuguesa-tomo-i\/","title":{"rendered":"DICION\u00c1RIO COMPLETO L\u00cdNGUA PORTUGUESA, tomo I"},"content":{"rendered":"<p>DICION\u00c1RIO COMPLETO L\u00cdNGUA PORTUGUESA, tomo I<br \/>\nColec\u00e7\u00e3o Completa de Dicion\u00e1rios e Auxiliares de Linguas<br \/>\nISBN: 972-47-3172-3<br \/>\nEditor: Texto Editores,Lda., Lisboa<br \/>\nData de Lan\u00e7amento: 2006<br \/>\nIdioma:\u00a0 Portugu\u00eas<br \/>\nDimens\u00f5es: 15 x 3.7 x 24 cm<br \/>\nEncaderna\u00e7\u00e3o: Capa mole<br \/>\nP\u00e1ginas: 774<\/p>\n","protected":false},"excerpt":{"rendered":"<p>DICION\u00c1RIO COMPLETO L\u00cdNGUA PORTUGUESA, tomo I Colec\u00e7\u00e3o Completa de Dicion\u00e1rios e Auxiliares de Linguas ISBN: 972-47-3172-3 Editor: Texto Editores,Lda., Lisboa Data de Lan\u00e7amento: 2006 Idioma:\u00a0 Portugu\u00eas Dimens\u00f5es: 15 x 3.7 x 24 cm Encaderna\u00e7\u00e3o: Capa mole P\u00e1ginas: 774<\/p>\n","protected":false},"featured_media":485,"comment_status":"open","ping_status":"closed","template":"","meta":{"om_disable_all_campaigns":false,"_monsterinsights_skip_tracking":false,"_monsterinsights_sitenote_active":false,"_monsterinsights_sitenote_note":"","_monsterinsights_sitenote_category":0,"_uf_show_specific_survey":0,"_uf_disable_surveys":false},"product_cat":[46],"product_tag":[],"aioseo_notices":[],"jetpack_sharing_enabled":true,"_links":{"self":[{"href":"https:\/\/casadolivreiro.pt\/index.php\/wp-json\/wp\/v2\/product\/484"}],"collection":[{"href":"https:\/\/casadolivreiro.pt\/index.php\/wp-json\/wp\/v2\/product"}],"about":[{"href":"https:\/\/casadolivreiro.pt\/index.php\/wp-json\/wp\/v2\/types\/product"}],"replies":[{"embeddable":true,"href":"https:\/\/casadolivreiro.pt\/index.php\/wp-json\/wp\/v2\/comments?post=484"}],"wp:featuredmedia":[{"embeddable":true,"href":"https:\/\/casadolivreiro.pt\/index.php\/wp-json\/wp\/v2\/media\/485"}],"wp:attachment":[{"href":"https:\/\/casadolivreiro.pt\/index.php\/wp-json\/wp\/v2\/media?parent=484"}],"wp:term":[{"taxonomy":"product_cat","embeddable":true,"href":"https:\/\/casadolivreiro.pt\/index.php\/wp-json\/wp\/v2\/product_cat?post=484"},{"taxonomy":"product_tag","embeddable":true,"href":"https:\/\/casadolivreiro.pt\/index.php\/wp-json\/wp\/v2\/product_tag?post=484"}],"curies":[{"name":"wp","href":"https:\/\/api.w.org\/{rel}","templated":true}]}}