{"id":4834,"date":"2025-04-16T22:15:41","date_gmt":"2025-04-16T22:15:41","guid":{"rendered":"https:\/\/casadolivreiro.pt\/?post_type=product&#038;p=4834"},"modified":"2025-04-16T22:15:41","modified_gmt":"2025-04-16T22:15:41","slug":"o-especialista-instantaneo-em-sexo-tim-webb-sarah-brewer","status":"publish","type":"product","link":"https:\/\/casadolivreiro.pt\/index.php\/product\/o-especialista-instantaneo-em-sexo-tim-webb-sarah-brewer\/","title":{"rendered":"O ESPECIALISTA INSTANT\u00c2NEO: em Sexo \u2013 Tim Webb &#038; Sarah Brewer"},"content":{"rendered":"<p>O ESPECIALISTA INSTANT\u00c2NEO: em Sexo \u2013 Tim Webb &amp; Sarah Brewer<\/p>\n<p>Tradu\u00e7\u00e3o de Paulo David Silva<\/p>\n<p>Ano de edi\u00e7\u00e3o: 1996, 1.\u00aa edi\u00e7\u00e3o<\/p>\n<p>Editor: Gradiva, Lisboa<\/p>\n<p>Idioma: Portugu\u00eas<\/p>\n<p>Dimens\u00f5es: 10.8 x 0.7 x 18 cm<\/p>\n<p>Encaderna\u00e7\u00e3o: Capa mole<\/p>\n<p>P\u00e1ginas: 78<\/p>\n","protected":false},"excerpt":{"rendered":"<p>O ESPECIALISTA INSTANT\u00c2NEO: em Sexo \u2013 Tim Webb &amp; Sarah Brewer Tradu\u00e7\u00e3o de Paulo David Silva Ano de edi\u00e7\u00e3o: 1996, 1.\u00aa edi\u00e7\u00e3o Editor: Gradiva, Lisboa Idioma: Portugu\u00eas Dimens\u00f5es: 10.8 x 0.7 x 18 cm Encaderna\u00e7\u00e3o: Capa mole P\u00e1ginas: 78<\/p>\n","protected":false},"featured_media":4835,"comment_status":"open","ping_status":"closed","template":"","meta":{"om_disable_all_campaigns":false,"_monsterinsights_skip_tracking":false,"_monsterinsights_sitenote_active":false,"_monsterinsights_sitenote_note":"","_monsterinsights_sitenote_category":0,"_uf_show_specific_survey":0,"_uf_disable_surveys":false},"product_cat":[66,67],"product_tag":[],"aioseo_notices":[],"jetpack_sharing_enabled":true,"_links":{"self":[{"href":"https:\/\/casadolivreiro.pt\/index.php\/wp-json\/wp\/v2\/product\/4834"}],"collection":[{"href":"https:\/\/casadolivreiro.pt\/index.php\/wp-json\/wp\/v2\/product"}],"about":[{"href":"https:\/\/casadolivreiro.pt\/index.php\/wp-json\/wp\/v2\/types\/product"}],"replies":[{"embeddable":true,"href":"https:\/\/casadolivreiro.pt\/index.php\/wp-json\/wp\/v2\/comments?post=4834"}],"wp:featuredmedia":[{"embeddable":true,"href":"https:\/\/casadolivreiro.pt\/index.php\/wp-json\/wp\/v2\/media\/4835"}],"wp:attachment":[{"href":"https:\/\/casadolivreiro.pt\/index.php\/wp-json\/wp\/v2\/media?parent=4834"}],"wp:term":[{"taxonomy":"product_cat","embeddable":true,"href":"https:\/\/casadolivreiro.pt\/index.php\/wp-json\/wp\/v2\/product_cat?post=4834"},{"taxonomy":"product_tag","embeddable":true,"href":"https:\/\/casadolivreiro.pt\/index.php\/wp-json\/wp\/v2\/product_tag?post=4834"}],"curies":[{"name":"wp","href":"https:\/\/api.w.org\/{rel}","templated":true}]}}