{"id":4828,"date":"2025-04-16T22:03:39","date_gmt":"2025-04-16T22:03:39","guid":{"rendered":"https:\/\/casadolivreiro.pt\/?post_type=product&#038;p=4828"},"modified":"2025-04-16T22:03:39","modified_gmt":"2025-04-16T22:03:39","slug":"um-sol-e-nove-planetas-philippe-de-la-cotardiere","status":"publish","type":"product","link":"https:\/\/casadolivreiro.pt\/index.php\/product\/um-sol-e-nove-planetas-philippe-de-la-cotardiere\/","title":{"rendered":"UM SOL E NOVE PLANETAS \u2013 Philippe de la Cotardi\u00e8re"},"content":{"rendered":"<p>UM SOL E NOVE PLANETAS \u2013 Philippe de la Cotardi\u00e8re<\/p>\n<p>Colec\u00e7\u00e3o O Mundo no Bolso<\/p>\n<p>Tradu\u00e7\u00e3o de Isabel Braga<\/p>\n<p>Ano de edi\u00e7\u00e3o: 1984<\/p>\n<p>Editor: Editorial Inqu\u00e9rito, LIsboa<\/p>\n<p>Idioma: Portugu\u00eas<\/p>\n<p>Dimens\u00f5es: 11.5 x 0.8 x 18 cm<\/p>\n<p>Encaderna\u00e7\u00e3o: Capa mole<\/p>\n<p>P\u00e1ginas: 80<\/p>\n","protected":false},"excerpt":{"rendered":"<p>UM SOL E NOVE PLANETAS \u2013 Philippe de la Cotardi\u00e8re Colec\u00e7\u00e3o O Mundo no Bolso Tradu\u00e7\u00e3o de Isabel Braga Ano de edi\u00e7\u00e3o: 1984 Editor: Editorial Inqu\u00e9rito, LIsboa Idioma: Portugu\u00eas Dimens\u00f5es: 11.5 x 0.8 x 18 cm Encaderna\u00e7\u00e3o: Capa mole P\u00e1ginas: 80<\/p>\n","protected":false},"featured_media":4829,"comment_status":"open","ping_status":"closed","template":"","meta":{"om_disable_all_campaigns":false,"_monsterinsights_skip_tracking":false,"_monsterinsights_sitenote_active":false,"_monsterinsights_sitenote_note":"","_monsterinsights_sitenote_category":0,"_uf_show_specific_survey":0,"_uf_disable_surveys":false},"product_cat":[32,47,66],"product_tag":[],"aioseo_notices":[],"jetpack_sharing_enabled":true,"_links":{"self":[{"href":"https:\/\/casadolivreiro.pt\/index.php\/wp-json\/wp\/v2\/product\/4828"}],"collection":[{"href":"https:\/\/casadolivreiro.pt\/index.php\/wp-json\/wp\/v2\/product"}],"about":[{"href":"https:\/\/casadolivreiro.pt\/index.php\/wp-json\/wp\/v2\/types\/product"}],"replies":[{"embeddable":true,"href":"https:\/\/casadolivreiro.pt\/index.php\/wp-json\/wp\/v2\/comments?post=4828"}],"wp:featuredmedia":[{"embeddable":true,"href":"https:\/\/casadolivreiro.pt\/index.php\/wp-json\/wp\/v2\/media\/4829"}],"wp:attachment":[{"href":"https:\/\/casadolivreiro.pt\/index.php\/wp-json\/wp\/v2\/media?parent=4828"}],"wp:term":[{"taxonomy":"product_cat","embeddable":true,"href":"https:\/\/casadolivreiro.pt\/index.php\/wp-json\/wp\/v2\/product_cat?post=4828"},{"taxonomy":"product_tag","embeddable":true,"href":"https:\/\/casadolivreiro.pt\/index.php\/wp-json\/wp\/v2\/product_tag?post=4828"}],"curies":[{"name":"wp","href":"https:\/\/api.w.org\/{rel}","templated":true}]}}