{"id":4806,"date":"2025-04-16T16:55:58","date_gmt":"2025-04-16T16:55:58","guid":{"rendered":"https:\/\/casadolivreiro.pt\/?post_type=product&#038;p=4806"},"modified":"2025-04-16T16:55:59","modified_gmt":"2025-04-16T16:55:59","slug":"criacao-pratica-de-peixes-de-agua-doce-mario-a-silveira-da-costa","status":"publish","type":"product","link":"https:\/\/casadolivreiro.pt\/index.php\/product\/criacao-pratica-de-peixes-de-agua-doce-mario-a-silveira-da-costa\/","title":{"rendered":"CRIA\u00c7\u00c3O PR\u00c1TICA DE PEIXES DE \u00c1GUA DOCE \u2013 M\u00e1rio A. Silveira da Costa"},"content":{"rendered":"<p>CRIA\u00c7\u00c3O PR\u00c1TICA DE PEIXES DE \u00c1GUA DOCE \u2013 M\u00e1rio A. Silveira da Costa<\/p>\n<p>Ano de edi\u00e7\u00e3o: 1986<\/p>\n<p>Editor: Publica\u00e7\u00f5es Ci\u00eancia e Vida Lda.<\/p>\n<p>Idioma: Portugu\u00eas<\/p>\n<p>Dimens\u00f5es: 10.5 x 0.5 x 17.9 cm<\/p>\n<p>Encaderna\u00e7\u00e3o: Capa mole<\/p>\n<p>P\u00e1ginas: 104<\/p>\n","protected":false},"excerpt":{"rendered":"<p>CRIA\u00c7\u00c3O PR\u00c1TICA DE PEIXES DE \u00c1GUA DOCE \u2013 M\u00e1rio A. Silveira da Costa Ano de edi\u00e7\u00e3o: 1986 Editor: Publica\u00e7\u00f5es Ci\u00eancia e Vida Lda. Idioma: Portugu\u00eas Dimens\u00f5es: 10.5 x 0.5 x 17.9 cm Encaderna\u00e7\u00e3o: Capa mole P\u00e1ginas: 104<\/p>\n","protected":false},"featured_media":4807,"comment_status":"open","ping_status":"closed","template":"","meta":{"om_disable_all_campaigns":false,"_monsterinsights_skip_tracking":false,"_monsterinsights_sitenote_active":false,"_monsterinsights_sitenote_note":"","_monsterinsights_sitenote_category":0,"_uf_show_specific_survey":0,"_uf_disable_surveys":false},"product_cat":[66],"product_tag":[],"aioseo_notices":[],"jetpack_sharing_enabled":true,"_links":{"self":[{"href":"https:\/\/casadolivreiro.pt\/index.php\/wp-json\/wp\/v2\/product\/4806"}],"collection":[{"href":"https:\/\/casadolivreiro.pt\/index.php\/wp-json\/wp\/v2\/product"}],"about":[{"href":"https:\/\/casadolivreiro.pt\/index.php\/wp-json\/wp\/v2\/types\/product"}],"replies":[{"embeddable":true,"href":"https:\/\/casadolivreiro.pt\/index.php\/wp-json\/wp\/v2\/comments?post=4806"}],"wp:featuredmedia":[{"embeddable":true,"href":"https:\/\/casadolivreiro.pt\/index.php\/wp-json\/wp\/v2\/media\/4807"}],"wp:attachment":[{"href":"https:\/\/casadolivreiro.pt\/index.php\/wp-json\/wp\/v2\/media?parent=4806"}],"wp:term":[{"taxonomy":"product_cat","embeddable":true,"href":"https:\/\/casadolivreiro.pt\/index.php\/wp-json\/wp\/v2\/product_cat?post=4806"},{"taxonomy":"product_tag","embeddable":true,"href":"https:\/\/casadolivreiro.pt\/index.php\/wp-json\/wp\/v2\/product_tag?post=4806"}],"curies":[{"name":"wp","href":"https:\/\/api.w.org\/{rel}","templated":true}]}}